{"id":1131,"date":"2021-11-29T10:23:47","date_gmt":"2021-11-29T09:23:47","guid":{"rendered":"https:\/\/specautoserwis.pl\/?page_id=1131"},"modified":"2025-02-20T12:31:58","modified_gmt":"2025-02-20T11:31:58","slug":"rozrzady","status":"publish","type":"page","link":"https:\/\/specautoserwis.pl\/?page_id=1131","title":{"rendered":"Rozrzady"},"content":{"rendered":"\t\t<div data-elementor-type=\"wp-page\" data-elementor-id=\"1131\" class=\"elementor elementor-1131\">\n\t\t\t\t\t\t<section class=\"elementor-section elementor-top-section elementor-element elementor-element-6343edb elementor-section-boxed elementor-section-height-default elementor-section-height-default\" data-id=\"6343edb\" data-element_type=\"section\" data-e-type=\"section\">\n\t\t\t\t\t\t<div class=\"elementor-container elementor-column-gap-default\">\n\t\t\t\t\t<div class=\"elementor-column elementor-col-100 elementor-top-column elementor-element elementor-element-538bcab\" data-id=\"538bcab\" data-element_type=\"column\" data-e-type=\"column\">\n\t\t\t<div class=\"elementor-widget-wrap elementor-element-populated\">\n\t\t\t\t\t\t<div class=\"elementor-element elementor-element-622d271 elementor-widget elementor-widget-html\" data-id=\"622d271\" data-element_type=\"widget\" data-e-type=\"widget\" data-widget_type=\"html.default\">\n\t\t\t\t<div class=\"elementor-widget-container\">\n\t\t\t\t\t<span><span><a href=\"https:\/\/specautoserwis.pl\/\">Strona g\u0142\u00f3wna<\/a><\/span><\/span>\r\n\t\t\t\t<\/div>\n\t\t\t\t<\/div>\n\t\t\t\t<div class=\"elementor-element elementor-element-93ba6b1 elementor-widget elementor-widget-heading\" data-id=\"93ba6b1\" data-element_type=\"widget\" data-e-type=\"widget\" data-widget_type=\"heading.default\">\n\t\t\t\t<div class=\"elementor-widget-container\">\n\t\t\t\t\t<h1 class=\"elementor-heading-title elementor-size-default\">Wymiana rozrz\u0105du \u2013 Bia\u0142ystok<\/h1>\t\t\t\t<\/div>\n\t\t\t\t<\/div>\n\t\t\t\t<div class=\"elementor-element elementor-element-f76c191 elementor-widget elementor-widget-text-editor\" data-id=\"f76c191\" data-element_type=\"widget\" data-e-type=\"widget\" data-widget_type=\"text-editor.default\">\n\t\t\t\t<div class=\"elementor-widget-container\">\n\t\t\t\t\t\t\t\t\t<p style=\"text-align: justify;\">Rozrz\u0105d to jeden z najwa\u017cniejszych uk\u0142ad\u00f3w w ka\u017cdym poje\u017adzie spalinowym z silnikiem czterosuwowym. Jego zadaniem jest sterowanie dostarczaniem paliwa do silnika i odprowadzanie z niego spalin. Rozrz\u0105d sk\u0142ada si\u0119 z paska lub \u0142a\u0144cucha, k\u00f3\u0142, zawor\u00f3w i wa\u0142ka. Aby dzia\u0142a\u0142 poprawnie, wszystkie te elementy musz\u0105 by\u0107 w dobrej kondycji i idealnie ze sob\u0105 wsp\u00f3\u0142dzia\u0142a\u0107. Warto o to zadba\u0107, bo nag\u0142a <strong>awaria rozrz\u0105du<\/strong> mo\u017ce mie\u0107 katastrofalne skutki dla ca\u0142ego silnika. Uk\u0142ad ten mo\u017cna poddawa\u0107 przegl\u0105dom, a je\u015bli podczas kontroli oka\u017ce si\u0119, \u017ce nie funkcjonuje on prawid\u0142owo, mechanik mo\u017ce zaleci\u0107 <strong>wymian\u0119 rozrz\u0105du<\/strong>.<\/p><p style=\"text-align: justify;\">Taka czynno\u015b\u0107 jest tak\u017ce konieczna po przejechaniu okre\u015blonej liczby kilometr\u00f3w. Informacje na ten temat mo\u017cna znale\u017a\u0107 w instrukcji obs\u0142ugi pojazdu, jednak nie zawsze warto traktowa\u0107 ich w spos\u00f3b \u015bcis\u0142y. Cz\u0119sto producenci zawy\u017caj\u0105 prognozowany czas funkcjonowania uk\u0142adu rozrz\u0105du bez usterek. Wymian\u0119 rozrz\u0105du zawsze warto tak\u017ce zleci\u0107 po zakupie u\u017cywanego pojazdu i braku rzetelnej informacji (potwierdzonej dokumentem), kiedy taka czynno\u015b\u0107 mia\u0142a miejsce.<\/p><h2>Kiedy dokona\u0107 wymiany rozrz\u0105du?<\/h2><p style=\"text-align: justify;\">Przegl\u0105d i ewentualna wymiana rozrz\u0105du to kwestie, kt\u00f3rych nie wolno zaniedbywa\u0107. Ten uk\u0142ad zu\u017cywa si\u0119 stosunkowo szybko, a co r\u00f3wnie\u017c istotne \u2013 jest do\u015b\u0107 z\u0142o\u017cony, co z kolei mo\u017ce prowadzi\u0107 do awarii konkretnych podzespo\u0142\u00f3w. <strong>Co mo\u017ce zepsu\u0107 si\u0119 w rozrz\u0105dzie?<\/strong> Pierwsze skojarzenie to wa\u0142ek, ale awarii mog\u0105 ulec r\u00f3wnie\u017c przek\u0142adnie, krzywki lub zawory. Kiedy konkretnie wymieni\u0107 rozrz\u0105d? W tej kwestii brak jednoznacznej odpowiedzi, wskazuj\u0105cej na konkretn\u0105 liczb\u0119 kilometr\u00f3w lub czas u\u017cytkowania. Trzeba bowiem pami\u0119ta\u0107, \u017ce konkretni producenci wskazuj\u0105 wytyczne, kt\u00f3re ich zdaniem najlepiej sprawdzaj\u0105 si\u0119 w wypadku oferowanych przez nich samochod\u00f3w. Czasami m\u00f3wi si\u0119, \u017ce rozrz\u0105d powinien by\u0107 wymieniany co dwie\u015bcie tysi\u0119cy kilometr\u00f3w i dziesi\u0119\u0107 lat. Zdaniem innych s\u0105 to jednak wskaz\u00f3wki zbyt optymistyczne i zak\u0142adaj\u0105ce naprawd\u0119 du\u017c\u0105 wytrzyma\u0142o\u015b\u0107 podzespo\u0142\u00f3w. Wskazuj\u0105 oni, \u017ce <strong>wymiana zalecana jest nawet po stu dwudziestu tysi\u0105cach kilometr\u00f3w i czterech latach<\/strong>. Je\u015bli wi\u0119c zbli\u017ca si\u0119 czas Twojego przegl\u0105du i wymiany rozrz\u0105du, serdecznie zapraszamy do naszego warsztatu w Bia\u0142ymstoku.<\/p>\t\t\t\t\t\t\t\t<\/div>\n\t\t\t\t<\/div>\n\t\t\t\t\t<\/div>\n\t\t<\/div>\n\t\t\t\t\t<\/div>\n\t\t<\/section>\n\t\t\t\t<section class=\"elementor-section elementor-top-section elementor-element elementor-element-62a7353 elementor-section-boxed elementor-section-height-default elementor-section-height-default\" data-id=\"62a7353\" data-element_type=\"section\" data-e-type=\"section\">\n\t\t\t\t\t\t<div class=\"elementor-container elementor-column-gap-default\">\n\t\t\t\t\t<div class=\"elementor-column elementor-col-100 elementor-top-column elementor-element elementor-element-67a3990\" data-id=\"67a3990\" data-element_type=\"column\" data-e-type=\"column\">\n\t\t\t<div class=\"elementor-widget-wrap elementor-element-populated\">\n\t\t\t\t\t\t<div class=\"elementor-element elementor-element-559b5d1 elementor-widget elementor-widget-heading\" data-id=\"559b5d1\" data-element_type=\"widget\" data-e-type=\"widget\" data-widget_type=\"heading.default\">\n\t\t\t\t<div class=\"elementor-widget-container\">\n\t\t\t\t\t<h2 class=\"elementor-heading-title elementor-size-default\">Jakie s\u0105 objawy uszkodzonego rozrz\u0105du?<\/h2>\t\t\t\t<\/div>\n\t\t\t\t<\/div>\n\t\t\t\t\t<\/div>\n\t\t<\/div>\n\t\t\t\t\t<\/div>\n\t\t<\/section>\n\t\t\t\t<section class=\"elementor-section elementor-top-section elementor-element elementor-element-d696426 elementor-section-boxed elementor-section-height-default elementor-section-height-default\" data-id=\"d696426\" data-element_type=\"section\" data-e-type=\"section\">\n\t\t\t\t\t\t<div class=\"elementor-container elementor-column-gap-default\">\n\t\t\t\t\t<div class=\"elementor-column elementor-col-100 elementor-top-column elementor-element elementor-element-aa9e7a1\" data-id=\"aa9e7a1\" data-element_type=\"column\" data-e-type=\"column\">\n\t\t\t<div class=\"elementor-widget-wrap elementor-element-populated\">\n\t\t\t\t\t\t<div class=\"elementor-element elementor-element-389c628 elementor-widget elementor-widget-text-editor\" data-id=\"389c628\" data-element_type=\"widget\" data-e-type=\"widget\" data-widget_type=\"text-editor.default\">\n\t\t\t\t<div class=\"elementor-widget-container\">\n\t\t\t\t\t\t\t\t\t<p>Wymiana rozrz\u0105du jest konieczna tak\u017ce wtedy, gdy dojdzie do jego uszkodzenia. Takie zjawisko mo\u017cna zaobserwowa\u0107, zwracaj\u0105c uwag\u0119 na zmiany w funkcjonowaniu pojazdu. Do najwa\u017cniejszych objaw\u00f3w uszkodzonego rozrz\u0105du warto zaliczy\u0107:<\/p>\n<ul>\n<li>\n<p><strong>nietypowy d\u017awi\u0119k z obszaru silnika<\/strong> \u2013 uszkodzony uk\u0142ad rozrz\u0105du mo\u017ce powodowa\u0107 stukanie, klekotanie lub inny nietypowy d\u017awi\u0119k z obszaru silnika. To mo\u017ce oznacza\u0107, \u017ce ko\u0142a z\u0119bate, \u0142a\u0144cuch lub pasek rozrz\u0105du s\u0105 lu\u017ane lub uszkodzone,<\/p>\n<\/li>\n<li>\n<p>nieprawid\u0142owe osi\u0105gi silnika \u2013 uszkodzony rozrz\u0105d mo\u017ce wp\u0142yn\u0105\u0107 na synchronizacj\u0119 otwierania i zamykania zawor\u00f3w oraz zap\u0142onu, co prowadzi do spadku mocy i wydajno\u015bci silnika. Jednostka nap\u0119dowa mo\u017ce mie\u0107 trudno\u015bci z przyspieszaniem, gubieniem mocy, a tak\u017ce nier\u00f3wn\u0105 prac\u0105 na niskich obrotach.<\/p>\n<\/li>\n<li>\n<p>zawory i t\u0142oki wchodz\u0105ce w kolizj\u0119 \u2013 w przypadku powa\u017cnego uszkodzenia uk\u0142adu rozrz\u0105d, zawory silnika mog\u0105 wchodzi\u0107 w kolizj\u0119 z t\u0142okami, co prowadzi do powa\u017cnych uszkodze\u0144 i awarii,<\/p>\n<\/li>\n<li>\n<p><strong>trudno\u015bci z rozruchem silnika<\/strong> \u2013 uszkodzony rozrz\u0105d mo\u017ce wp\u0142yn\u0105\u0107 na synchronizacj\u0119 proces\u00f3w otwierania i zamykania zawor\u00f3w,<\/p>\n<\/li>\n<li>\n<p>wibracje i drgania \u2013 uszkodzony uk\u0142ad rozrz\u0105du mo\u017ce prowadzi\u0107 do nier\u00f3wno\u015bci w pracy silnika, co przejawia si\u0119 w wibracjach i drganiach odczuwalnych w kabinie pojazdu,<\/p>\n<\/li>\n<li>\n<p>wzrost zu\u017cycia paliwa \u2013 uszkodzony rozrz\u0105d mo\u017ce wp\u0142yn\u0105\u0107 negatywnie na efektywno\u015b\u0107 spalania paliwa, <\/p>\n<\/li>\n<li>\n<p>wysoka temperatura silnika \u2013 uszkodzenie uk\u0142adu rozrz\u0105du mo\u017ce powodowa\u0107 zwi\u0119kszone obci\u0105\u017cenie silnika i wzrost temperatury. W skrajnych przypadkach takie zjawisko prowadzi do przegrzania silnika,<\/p>\n<\/li>\n<\/ul>\n<p>Nowoczesne samochody s\u0105 wyposa\u017cone w systemy diagnostyczne, kt\u00f3re mog\u0105 wykrywa\u0107 problemy w uk\u0142adzie i generowa\u0107 kody b\u0142\u0119d\u00f3w na desce rozdzielczej pojazdu. Przed wymian\u0105 rozrz\u0105du wykonujemy komputerow\u0105 diagnostyk\u0119.<\/p><p><span style=\"text-align: justify;\">Wymian\u0119 rozrz\u0105du, podobnie jak inne&nbsp;<\/span><a href=\"https:\/\/specautoserwis.pl\/naprawa-pojazdow\/\" style=\"background-color: rgb(255, 255, 255); text-align: justify;\">us\u0142ugi naprawcze<\/a><span style=\"text-align: justify;\">, mo\u017cesz zleci\u0107 naszym fachowcom. Specjalizujemy si\u0119 w szczeg\u00f3lno\u015bci w serwisowaniu samochod\u00f3w z grupy PSA tj. Opel, Fiat, Citroen i Peugeot. Je\u015bli zatem jeste\u015b posiadaczem pojazdu jednej z wymienionych marek, mo\u017cesz liczy\u0107 na wsparcie do\u015bwiadczonych fachowc\u00f3w. Skontaktuj si\u0119 z nami, by um\u00f3wi\u0107 si\u0119 na wykonanie us\u0142ugi.<\/span><br><\/p>\t\t\t\t\t\t\t\t<\/div>\n\t\t\t\t<\/div>\n\t\t\t\t\t<\/div>\n\t\t<\/div>\n\t\t\t\t\t<\/div>\n\t\t<\/section>\n\t\t\t\t<\/div>\n\t\t","protected":false},"excerpt":{"rendered":"<p>Wymiana rozrz\u0105du \u2013 Bia\u0142ystok Rozrz\u0105d to jeden z najwa\u017cniejszych uk\u0142ad\u00f3w w ka\u017cdym poje\u017adzie spalinowym z silnikiem czterosuwowym. Jego zadaniem jest [&hellip;]<\/p>\n","protected":false},"author":2,"featured_media":0,"parent":0,"menu_order":0,"comment_status":"closed","ping_status":"closed","template":"","meta":{"site-sidebar-layout":"default","site-content-layout":"","ast-site-content-layout":"default","site-content-style":"default","site-sidebar-style":"default","ast-global-header-display":"","ast-banner-title-visibility":"","ast-main-header-display":"","ast-hfb-above-header-display":"","ast-hfb-below-header-display":"","ast-hfb-mobile-header-display":"","site-post-title":"","ast-breadcrumbs-content":"","ast-featured-img":"","footer-sml-layout":"","ast-disable-related-posts":"","theme-transparent-header-meta":"","adv-header-id-meta":"","stick-header-meta":"","header-above-stick-meta":"","header-main-stick-meta":"","header-below-stick-meta":"","astra-migrate-meta-layouts":"default","ast-page-background-enabled":"default","ast-page-background-meta":{"desktop":{"background-color":"var(--ast-global-color-5)","background-image":"","background-repeat":"repeat","background-position":"center center","background-size":"auto","background-attachment":"scroll","background-type":"","background-media":"","overlay-type":"","overlay-color":"","overlay-opacity":"","overlay-gradient":""},"tablet":{"background-color":"","background-image":"","background-repeat":"repeat","background-position":"center center","background-size":"auto","background-attachment":"scroll","background-type":"","background-media":"","overlay-type":"","overlay-color":"","overlay-opacity":"","overlay-gradient":""},"mobile":{"background-color":"","background-image":"","background-repeat":"repeat","background-position":"center center","background-size":"auto","background-attachment":"scroll","background-type":"","background-media":"","overlay-type":"","overlay-color":"","overlay-opacity":"","overlay-gradient":""}},"ast-content-background-meta":{"desktop":{"background-color":"var(--ast-global-color-4)","background-image":"","background-repeat":"repeat","background-position":"center center","background-size":"auto","background-attachment":"scroll","background-type":"","background-media":"","overlay-type":"","overlay-color":"","overlay-opacity":"","overlay-gradient":""},"tablet":{"background-color":"var(--ast-global-color-4)","background-image":"","background-repeat":"repeat","background-position":"center center","background-size":"auto","background-attachment":"scroll","background-type":"","background-media":"","overlay-type":"","overlay-color":"","overlay-opacity":"","overlay-gradient":""},"mobile":{"background-color":"var(--ast-global-color-4)","background-image":"","background-repeat":"repeat","background-position":"center center","background-size":"auto","background-attachment":"scroll","background-type":"","background-media":"","overlay-type":"","overlay-color":"","overlay-opacity":"","overlay-gradient":""}},"footnotes":""},"class_list":["post-1131","page","type-page","status-publish","hentry"],"_links":{"self":[{"href":"https:\/\/specautoserwis.pl\/index.php?rest_route=\/wp\/v2\/pages\/1131","targetHints":{"allow":["GET"]}}],"collection":[{"href":"https:\/\/specautoserwis.pl\/index.php?rest_route=\/wp\/v2\/pages"}],"about":[{"href":"https:\/\/specautoserwis.pl\/index.php?rest_route=\/wp\/v2\/types\/page"}],"author":[{"embeddable":true,"href":"https:\/\/specautoserwis.pl\/index.php?rest_route=\/wp\/v2\/users\/2"}],"replies":[{"embeddable":true,"href":"https:\/\/specautoserwis.pl\/index.php?rest_route=%2Fwp%2Fv2%2Fcomments&post=1131"}],"version-history":[{"count":10,"href":"https:\/\/specautoserwis.pl\/index.php?rest_route=\/wp\/v2\/pages\/1131\/revisions"}],"predecessor-version":[{"id":1788,"href":"https:\/\/specautoserwis.pl\/index.php?rest_route=\/wp\/v2\/pages\/1131\/revisions\/1788"}],"wp:attachment":[{"href":"https:\/\/specautoserwis.pl\/index.php?rest_route=%2Fwp%2Fv2%2Fmedia&parent=1131"}],"curies":[{"name":"wp","href":"https:\/\/api.w.org\/{rel}","templated":true}]}}