{"id":1440,"date":"2023-10-13T13:14:18","date_gmt":"2023-10-13T11:14:18","guid":{"rendered":"https:\/\/specautoserwis.pl\/?page_id=1440"},"modified":"2025-02-20T12:34:22","modified_gmt":"2025-02-20T11:34:22","slug":"serwis-fiat","status":"publish","type":"page","link":"https:\/\/specautoserwis.pl\/?page_id=1440","title":{"rendered":"Serwis FIAT"},"content":{"rendered":"\t\t<div data-elementor-type=\"wp-page\" data-elementor-id=\"1440\" class=\"elementor elementor-1440\">\n\t\t\t\t\t\t<section class=\"elementor-section elementor-top-section elementor-element elementor-element-2d29686f elementor-section-boxed elementor-section-height-default elementor-section-height-default\" data-id=\"2d29686f\" data-element_type=\"section\" data-e-type=\"section\">\n\t\t\t\t\t\t<div class=\"elementor-container elementor-column-gap-default\">\n\t\t\t\t\t<div class=\"elementor-column elementor-col-100 elementor-top-column elementor-element elementor-element-5e41ef58\" data-id=\"5e41ef58\" data-element_type=\"column\" data-e-type=\"column\">\n\t\t\t<div class=\"elementor-widget-wrap elementor-element-populated\">\n\t\t\t\t\t\t<div class=\"elementor-element elementor-element-3c95c40 elementor-widget elementor-widget-shortcode\" data-id=\"3c95c40\" data-element_type=\"widget\" data-e-type=\"widget\" data-widget_type=\"shortcode.default\">\n\t\t\t\t<div class=\"elementor-widget-container\">\n\t\t\t\t\t\t\t<div class=\"elementor-shortcode\"><span><span><a href=\"https:\/\/specautoserwis.pl\/\">Strona g\u0142\u00f3wna<\/a><\/span><\/span><\/div>\n\t\t\t\t\t\t<\/div>\n\t\t\t\t<\/div>\n\t\t\t\t<div class=\"elementor-element elementor-element-551073e7 elementor-widget elementor-widget-text-editor\" data-id=\"551073e7\" data-element_type=\"widget\" data-e-type=\"widget\" data-widget_type=\"text-editor.default\">\n\t\t\t\t<div class=\"elementor-widget-container\">\n\t\t\t\t\t\t\t\t\t<h1>Serwis FIAT \u2013 Bia\u0142ystok<\/h1><p>Prowadzimy profesjonalny <strong>serwis FIAT w Bia\u0142ymstoku<\/strong>. Zajmujemy si\u0119 diagnozowaniem i napraw\u0105 usterek pojazd\u00f3w z r\u00f3\u017cnych rocznik\u00f3w. W zakres realizowanych przez nas prac wchodz\u0105 te w obr\u0119bie:<\/p><ul><li>uk\u0142adu hamulcowego,<\/li><li>instalacji elektrycznej,<\/li><li>klimatyzacji,<\/li><li>sprz\u0119g\u0142a,<\/li><li>opon i felg.<\/li><\/ul><p>Mo\u017cemy zaj\u0105\u0107 si\u0119 zar\u00f3wno kosmetycznymi naprawami drobnych usterek, jak i kompleksowymi pracami dotycz\u0105cymi samochod\u00f3w starszych lub powypadkowych. Przed przyst\u0105pieniem do dzia\u0142ania <strong>przeprowadzamy diagnostyk\u0119<\/strong>, kt\u00f3ra pozwala nam oceni\u0107 og\u00f3lny stan techniczny samochod\u00f3w marki FIAT.<\/p><h2>Diagnostyka komputerowa samochod\u00f3w marki FIAT<\/h2><p>Do diagnozowania usterek w nowoczesnych samochodach wykorzystuje si\u0119 specjalne oprogramowanie. Mo\u017ce ono czyta\u0107 wszystkie najwa\u017cniejsze parametry komputer\u00f3w pok\u0142adowych i sprawdza\u0107, co jest powodem pojawienia si\u0119 wybranych kontrolek. Wsp\u00f3\u0142czesne samochody s\u0105 wyposa\u017cone w bardzo rozbudowane instalacje elektryczne, kt\u00f3re cz\u0119sto s\u0105 odpowiedzialne za wiele usterek.<\/p><p>Zastosowanie <a href=\"\/diagnostyka-komputerowa\/\">diagnostyki komputerowej<\/a>\u00a0w samochodach FIAT pozwala na szybkie znalezienie usterki bez konieczno\u015bci demonta\u017cu poszczeg\u00f3lnych element\u00f3w pojazdu. Takie rozwi\u0105zanie oszcz\u0119dza czas mechanika, a tak\u017ce pozwala na wykrycie tych awarii, kt\u00f3re nie s\u0105 jeszcze widoczne go\u0142ym okiem. Diagnostyka z wykorzystaniem profesjonalnego oprogramowania jest pierwszym krokiem wszelkich napraw w naszym serwisie FIAT.<\/p><h2>Jakie samochody FIAT serwisujemy?<\/h2><p>Przeprowadzamy serwis zar\u00f3wno nowych pojazd\u00f3w obj\u0119tych gwarancj\u0105, jak i samochod\u00f3w wypuszczonych na rynek nawet ponad 20 lat temu. Sprawdzamy stan techniczny takich aut, a w razie konieczno\u015bci realizujemy naprawy. Usuwamy elementy, kt\u00f3re s\u0105 szczeg\u00f3lnie nara\u017cone na niszczenie pod wp\u0142ywem eksploatacji, a na ich miejscu montujemy nowe egzemplarze. Przeprowadzany regularne <strong>wymiany tarcz i klock\u00f3w hamulcowych, p\u0142ynu hamulcowego, oleju silnikowego<\/strong> i skrzyni bieg\u00f3w, a tak\u017ce opon i felg. Wymieniamy r\u00f3wnie\u017c filtry powietrza i kabinowe, a tak\u017ce elementy system\u00f3w klimatyzacji, w kt\u00f3rych mog\u0105 gromadzi\u0107 si\u0119 bakterie i grzyby. Przeprowadzamy te\u017c prace w obr\u0119bie element\u00f3w, kt\u00f3re psuj\u0105 si\u0119 zdecydowanie rzadziej \u2013 silnika, uk\u0142adu ch\u0142odzenia czy wydechowego.<\/p><p>Nasi specjali\u015bci wiedz\u0105, jakie usterki pojawiaj\u0105 si\u0119 najcz\u0119\u015bciej w konkretnych generacjach pojazd\u00f3w i z czego wynikaj\u0105. Dzi\u0119ki temu mog\u0105 pracowa\u0107 sprawnie i szybciej diagnozowa\u0107 awarie.<\/p><p>Zapraszamy do kontaktu wszystkich w\u0142a\u015bcicieli samochod\u00f3w marki FIAT. Serwisujemy pojazdy z r\u00f3\u017cnych lat, o dowolnym typie nadwozia i pojemno\u015bci silnika.<\/p>\t\t\t\t\t\t\t\t<\/div>\n\t\t\t\t<\/div>\n\t\t\t\t\t<\/div>\n\t\t<\/div>\n\t\t\t\t\t<\/div>\n\t\t<\/section>\n\t\t\t\t<\/div>\n\t\t","protected":false},"excerpt":{"rendered":"<p>Serwis FIAT \u2013 Bia\u0142ystok Prowadzimy profesjonalny serwis FIAT w Bia\u0142ymstoku. Zajmujemy si\u0119 diagnozowaniem i napraw\u0105 usterek pojazd\u00f3w z r\u00f3\u017cnych rocznik\u00f3w. [&hellip;]<\/p>\n","protected":false},"author":2,"featured_media":0,"parent":0,"menu_order":0,"comment_status":"closed","ping_status":"closed","template":"elementor_header_footer","meta":{"site-sidebar-layout":"default","site-content-layout":"","ast-site-content-layout":"default","site-content-style":"default","site-sidebar-style":"default","ast-global-header-display":"","ast-banner-title-visibility":"","ast-main-header-display":"","ast-hfb-above-header-display":"","ast-hfb-below-header-display":"","ast-hfb-mobile-header-display":"","site-post-title":"","ast-breadcrumbs-content":"","ast-featured-img":"","footer-sml-layout":"","ast-disable-related-posts":"","theme-transparent-header-meta":"","adv-header-id-meta":"","stick-header-meta":"","header-above-stick-meta":"","header-main-stick-meta":"","header-below-stick-meta":"","astra-migrate-meta-layouts":"default","ast-page-background-enabled":"default","ast-page-background-meta":{"desktop":{"background-color":"var(--ast-global-color-5)","background-image":"","background-repeat":"repeat","background-position":"center center","background-size":"auto","background-attachment":"scroll","background-type":"","background-media":"","overlay-type":"","overlay-color":"","overlay-opacity":"","overlay-gradient":""},"tablet":{"background-color":"","background-image":"","background-repeat":"repeat","background-position":"center center","background-size":"auto","background-attachment":"scroll","background-type":"","background-media":"","overlay-type":"","overlay-color":"","overlay-opacity":"","overlay-gradient":""},"mobile":{"background-color":"","background-image":"","background-repeat":"repeat","background-position":"center center","background-size":"auto","background-attachment":"scroll","background-type":"","background-media":"","overlay-type":"","overlay-color":"","overlay-opacity":"","overlay-gradient":""}},"ast-content-background-meta":{"desktop":{"background-color":"var(--ast-global-color-4)","background-image":"","background-repeat":"repeat","background-position":"center center","background-size":"auto","background-attachment":"scroll","background-type":"","background-media":"","overlay-type":"","overlay-color":"","overlay-opacity":"","overlay-gradient":""},"tablet":{"background-color":"var(--ast-global-color-4)","background-image":"","background-repeat":"repeat","background-position":"center center","background-size":"auto","background-attachment":"scroll","background-type":"","background-media":"","overlay-type":"","overlay-color":"","overlay-opacity":"","overlay-gradient":""},"mobile":{"background-color":"var(--ast-global-color-4)","background-image":"","background-repeat":"repeat","background-position":"center center","background-size":"auto","background-attachment":"scroll","background-type":"","background-media":"","overlay-type":"","overlay-color":"","overlay-opacity":"","overlay-gradient":""}},"footnotes":""},"class_list":["post-1440","page","type-page","status-publish","hentry"],"_links":{"self":[{"href":"https:\/\/specautoserwis.pl\/index.php?rest_route=\/wp\/v2\/pages\/1440","targetHints":{"allow":["GET"]}}],"collection":[{"href":"https:\/\/specautoserwis.pl\/index.php?rest_route=\/wp\/v2\/pages"}],"about":[{"href":"https:\/\/specautoserwis.pl\/index.php?rest_route=\/wp\/v2\/types\/page"}],"author":[{"embeddable":true,"href":"https:\/\/specautoserwis.pl\/index.php?rest_route=\/wp\/v2\/users\/2"}],"replies":[{"embeddable":true,"href":"https:\/\/specautoserwis.pl\/index.php?rest_route=%2Fwp%2Fv2%2Fcomments&post=1440"}],"version-history":[{"count":10,"href":"https:\/\/specautoserwis.pl\/index.php?rest_route=\/wp\/v2\/pages\/1440\/revisions"}],"predecessor-version":[{"id":1790,"href":"https:\/\/specautoserwis.pl\/index.php?rest_route=\/wp\/v2\/pages\/1440\/revisions\/1790"}],"wp:attachment":[{"href":"https:\/\/specautoserwis.pl\/index.php?rest_route=%2Fwp%2Fv2%2Fmedia&parent=1440"}],"curies":[{"name":"wp","href":"https:\/\/api.w.org\/{rel}","templated":true}]}}