{"id":1444,"date":"2023-10-13T13:19:16","date_gmt":"2023-10-13T11:19:16","guid":{"rendered":"https:\/\/specautoserwis.pl\/?page_id=1444"},"modified":"2025-02-20T12:34:37","modified_gmt":"2025-02-20T11:34:37","slug":"serwis-peugeot","status":"publish","type":"page","link":"https:\/\/specautoserwis.pl\/?page_id=1444","title":{"rendered":"Serwis Peugeot"},"content":{"rendered":"\t\t<div data-elementor-type=\"wp-page\" data-elementor-id=\"1444\" class=\"elementor elementor-1444\">\n\t\t\t\t\t\t<section class=\"elementor-section elementor-top-section elementor-element elementor-element-590d0efe elementor-section-boxed elementor-section-height-default elementor-section-height-default\" data-id=\"590d0efe\" data-element_type=\"section\" data-e-type=\"section\">\n\t\t\t\t\t\t<div class=\"elementor-container elementor-column-gap-default\">\n\t\t\t\t\t<div class=\"elementor-column elementor-col-100 elementor-top-column elementor-element elementor-element-441ab9a5\" data-id=\"441ab9a5\" data-element_type=\"column\" data-e-type=\"column\">\n\t\t\t<div class=\"elementor-widget-wrap elementor-element-populated\">\n\t\t\t\t\t\t<div class=\"elementor-element elementor-element-5aea3bf elementor-widget elementor-widget-shortcode\" data-id=\"5aea3bf\" data-element_type=\"widget\" data-e-type=\"widget\" data-widget_type=\"shortcode.default\">\n\t\t\t\t<div class=\"elementor-widget-container\">\n\t\t\t\t\t\t\t<div class=\"elementor-shortcode\"><span><span><a href=\"https:\/\/specautoserwis.pl\/\">Strona g\u0142\u00f3wna<\/a><\/span><\/span><\/div>\n\t\t\t\t\t\t<\/div>\n\t\t\t\t<\/div>\n\t\t\t\t<div class=\"elementor-element elementor-element-2dd7cfe1 elementor-widget elementor-widget-text-editor\" data-id=\"2dd7cfe1\" data-element_type=\"widget\" data-e-type=\"widget\" data-widget_type=\"text-editor.default\">\n\t\t\t\t<div class=\"elementor-widget-container\">\n\t\t\t\t\t\t\t\t\t&nbsp;\r\n<h1>Serwis Peugeot \u2013 Bia\u0142ystok<\/h1>\r\nProwadzimy profesjonalny <strong>serwis Peugeot<\/strong>. Naprawiamy samochody, kt\u00f3re r\u00f3\u017cni\u0105 si\u0119 od siebie typem i pojemno\u015bci\u0105 silnika, rodzajem nadwozia, rokiem produkcji i stanem technicznym. Przeprowadzamy zar\u00f3wno rutynowe kontrole, kt\u00f3re pozwalaj\u0105 upewni\u0107 si\u0119, \u017ce auto dzia\u0142a w odpowiedni spos\u00f3b, a tak\u017ce usuwamy usterki powsta\u0142e podczas wypadk\u00f3w lub w wyniku intensywnej eksploatacji.\r\n\r\nZatrudniamy osoby, kt\u00f3re specjalizuj\u0105 si\u0119 w naprawie poszczeg\u00f3lnych uk\u0142ad\u00f3w i element\u00f3w w samochodzie. Mo\u017cemy zaj\u0105\u0107 si\u0119 zdiagnozowaniem i usuni\u0119ciem usterek w obr\u0119bie:\r\n<ul>\r\n \t<li>uk\u0142adu ch\u0142odzenia,<\/li>\r\n \t<li>silnika,<\/li>\r\n \t<li>klimatyzacji,<\/li>\r\n \t<li>elektroniki,<\/li>\r\n \t<li>uk\u0142adu zawieszenia,<\/li>\r\n \t<li>k\u00f3\u0142.<\/li>\r\n<\/ul>\r\nUsuwamy zar\u00f3wno drobne usterki, jak i przeprowadzamy prace, kt\u00f3re wymagaj\u0105 <strong>wymiany ca\u0142ych podzespo\u0142\u00f3w lub uk\u0142ad\u00f3w<\/strong>. Mo\u017cemy zaj\u0105\u0107 si\u0119 r\u00f3wnie\u017c napraw\u0105 starszych samochod\u00f3w w z\u0142ym stanie technicznym. Przed przyst\u0105pieniem do pracy oceniamy, czy w danym przypadku wymiana podzespo\u0142\u00f3w b\u0119dzie op\u0142acalna. Ostateczna decyzja zawsze nale\u017cy do klienta. Wiele os\u00f3b decyduje si\u0119 na napraw\u0119 samochod\u00f3w pomimo wysokiej ceny tej us\u0142ugi, ze wzgl\u0119du na warto\u015b\u0107 historyczn\u0105 lub sentymentaln\u0105.\r\n<h2>Diagnostyka w serwisie Peugeot<\/h2>\r\nZanim przyst\u0105pimy do jakichkolwiek prac w naszym serwisie Peugeot, <strong>wykonujemy diagnostyk\u0119<\/strong>. W tym celu wykorzystujemy specjalistyczne oprogramowanie, kt\u00f3re mo\u017cna po\u0142\u0105czy\u0107 z komputerem pok\u0142adowym. Dzi\u0119ki niemu mo\u017cliwe jest ustalenie, jakie usterki pojawi\u0142y si\u0119 w konstrukcji pojazdu, bez konieczno\u015bci demonta\u017cu jakichkolwiek element\u00f3w. Takie rozwi\u0105zanie pozwala na odkrycie przyczyny pojawienia si\u0119 wybranych kontrolek, a tak\u017ce zauwa\u017cenie awarii, kt\u00f3re nie s\u0105 jeszcze odczuwalne przez kierowc\u0119. Po wykonaniu <a href=\"\/diagnostyka-komputerowa\/\">diagnostyki komputerowej<\/a> mo\u017cemy przej\u015b\u0107 do prac naprawczych. Rodzaj cz\u0119\u015bci zamiennych zawsze ustalamy z klientem \u2013 ma on do wyboru elementy oryginalne, zamienniki, produkty u\u017cywane lub generowane.\r\n\r\nMo\u017cemy r\u00f3wnie\u017c zaj\u0105\u0107 si\u0119 og\u00f3ln\u0105 ocen\u0105 stanu technicznego pojazdu, zanim trafi on do stacji diagnostycznej. Dzi\u0119ki temu klient mo\u017ce unikn\u0105\u0107 negatywnego wyniku obowi\u0105zkowego badania, naprawiaj\u0105c ewentualne usterki wcze\u015bniej. To dobre rozwi\u0105zanie dla os\u00f3b, kt\u00f3re nie chc\u0105 dopu\u015bci\u0107 do sytuacji, gdy pojazd b\u0119dzie niedost\u0119pny ze wzgl\u0119du na wyga\u015bni\u0119cie poprzedniej kontroli. <strong>Cykliczne sprawdzanie stanu technicznego auta umo\u017cliwia r\u00f3wnie\u017c zachowanie pojazdu w odpowiednim stanie<\/strong>, a wi\u0119c r\u00f3wnie\u017c zmniejszenie koszt\u00f3w kolejnych napraw.\r\n\r\nZach\u0119camy do kontaktu z naszym serwisem Peugeot.\t\t\t\t\t\t\t\t<\/div>\n\t\t\t\t<\/div>\n\t\t\t\t\t<\/div>\n\t\t<\/div>\n\t\t\t\t\t<\/div>\n\t\t<\/section>\n\t\t\t\t<\/div>\n\t\t","protected":false},"excerpt":{"rendered":"<p>Serwis Peugeot \u2013 Bia\u0142ystok Prowadzimy profesjonalny serwis Peugeot. Naprawiamy samochody, kt\u00f3re r\u00f3\u017cni\u0105 si\u0119 od siebie typem i pojemno\u015bci\u0105 silnika, rodzajem [&hellip;]<\/p>\n","protected":false},"author":2,"featured_media":0,"parent":0,"menu_order":0,"comment_status":"closed","ping_status":"closed","template":"elementor_header_footer","meta":{"site-sidebar-layout":"default","site-content-layout":"","ast-site-content-layout":"default","site-content-style":"default","site-sidebar-style":"default","ast-global-header-display":"","ast-banner-title-visibility":"","ast-main-header-display":"","ast-hfb-above-header-display":"","ast-hfb-below-header-display":"","ast-hfb-mobile-header-display":"","site-post-title":"","ast-breadcrumbs-content":"","ast-featured-img":"","footer-sml-layout":"","ast-disable-related-posts":"","theme-transparent-header-meta":"","adv-header-id-meta":"","stick-header-meta":"","header-above-stick-meta":"","header-main-stick-meta":"","header-below-stick-meta":"","astra-migrate-meta-layouts":"default","ast-page-background-enabled":"default","ast-page-background-meta":{"desktop":{"background-color":"var(--ast-global-color-5)","background-image":"","background-repeat":"repeat","background-position":"center center","background-size":"auto","background-attachment":"scroll","background-type":"","background-media":"","overlay-type":"","overlay-color":"","overlay-opacity":"","overlay-gradient":""},"tablet":{"background-color":"","background-image":"","background-repeat":"repeat","background-position":"center center","background-size":"auto","background-attachment":"scroll","background-type":"","background-media":"","overlay-type":"","overlay-color":"","overlay-opacity":"","overlay-gradient":""},"mobile":{"background-color":"","background-image":"","background-repeat":"repeat","background-position":"center center","background-size":"auto","background-attachment":"scroll","background-type":"","background-media":"","overlay-type":"","overlay-color":"","overlay-opacity":"","overlay-gradient":""}},"ast-content-background-meta":{"desktop":{"background-color":"var(--ast-global-color-4)","background-image":"","background-repeat":"repeat","background-position":"center center","background-size":"auto","background-attachment":"scroll","background-type":"","background-media":"","overlay-type":"","overlay-color":"","overlay-opacity":"","overlay-gradient":""},"tablet":{"background-color":"var(--ast-global-color-4)","background-image":"","background-repeat":"repeat","background-position":"center center","background-size":"auto","background-attachment":"scroll","background-type":"","background-media":"","overlay-type":"","overlay-color":"","overlay-opacity":"","overlay-gradient":""},"mobile":{"background-color":"var(--ast-global-color-4)","background-image":"","background-repeat":"repeat","background-position":"center center","background-size":"auto","background-attachment":"scroll","background-type":"","background-media":"","overlay-type":"","overlay-color":"","overlay-opacity":"","overlay-gradient":""}},"footnotes":""},"class_list":["post-1444","page","type-page","status-publish","hentry"],"_links":{"self":[{"href":"https:\/\/specautoserwis.pl\/index.php?rest_route=\/wp\/v2\/pages\/1444","targetHints":{"allow":["GET"]}}],"collection":[{"href":"https:\/\/specautoserwis.pl\/index.php?rest_route=\/wp\/v2\/pages"}],"about":[{"href":"https:\/\/specautoserwis.pl\/index.php?rest_route=\/wp\/v2\/types\/page"}],"author":[{"embeddable":true,"href":"https:\/\/specautoserwis.pl\/index.php?rest_route=\/wp\/v2\/users\/2"}],"replies":[{"embeddable":true,"href":"https:\/\/specautoserwis.pl\/index.php?rest_route=%2Fwp%2Fv2%2Fcomments&post=1444"}],"version-history":[{"count":10,"href":"https:\/\/specautoserwis.pl\/index.php?rest_route=\/wp\/v2\/pages\/1444\/revisions"}],"predecessor-version":[{"id":1792,"href":"https:\/\/specautoserwis.pl\/index.php?rest_route=\/wp\/v2\/pages\/1444\/revisions\/1792"}],"wp:attachment":[{"href":"https:\/\/specautoserwis.pl\/index.php?rest_route=%2Fwp%2Fv2%2Fmedia&parent=1444"}],"curies":[{"name":"wp","href":"https:\/\/api.w.org\/{rel}","templated":true}]}}