{"id":213,"date":"2019-09-18T10:27:18","date_gmt":"2019-09-18T08:27:18","guid":{"rendered":"http:\/\/specautoserwis.pl\/?page_id=213"},"modified":"2024-03-22T13:39:04","modified_gmt":"2024-03-22T12:39:04","slug":"klimatyzacja","status":"publish","type":"page","link":"https:\/\/specautoserwis.pl\/?page_id=213","title":{"rendered":"Klimatyzacja"},"content":{"rendered":"\t\t<div data-elementor-type=\"wp-post\" data-elementor-id=\"213\" class=\"elementor elementor-213\">\n\t\t\t\t\t\t<section class=\"elementor-section elementor-top-section elementor-element elementor-element-a6cf599 elementor-section-boxed elementor-section-height-default elementor-section-height-default\" data-id=\"a6cf599\" data-element_type=\"section\" data-e-type=\"section\">\n\t\t\t\t\t\t<div class=\"elementor-container elementor-column-gap-default\">\n\t\t\t\t\t<div class=\"elementor-column elementor-col-100 elementor-top-column elementor-element elementor-element-89f55be\" data-id=\"89f55be\" data-element_type=\"column\" data-e-type=\"column\">\n\t\t\t<div class=\"elementor-widget-wrap elementor-element-populated\">\n\t\t\t\t\t\t<div class=\"elementor-element elementor-element-d4dc033 elementor-widget elementor-widget-html\" data-id=\"d4dc033\" data-element_type=\"widget\" data-e-type=\"widget\" data-widget_type=\"html.default\">\n\t\t\t\t<div class=\"elementor-widget-container\">\n\t\t\t\t\t<span><span><a href=\"https:\/\/specautoserwis.pl\/\">Strona g\u0142\u00f3wna<\/a><\/span><\/span>\r\n\t\t\t\t<\/div>\n\t\t\t\t<\/div>\n\t\t\t\t<div class=\"elementor-element elementor-element-5d0244e elementor-widget elementor-widget-heading\" data-id=\"5d0244e\" data-element_type=\"widget\" data-e-type=\"widget\" data-widget_type=\"heading.default\">\n\t\t\t\t<div class=\"elementor-widget-container\">\n\t\t\t\t\t<h1 class=\"elementor-heading-title elementor-size-default\">Serwis klimatyzacji samochodowej \u2013 Bia\u0142ystok<\/h1>\t\t\t\t<\/div>\n\t\t\t\t<\/div>\n\t\t\t\t\t<\/div>\n\t\t<\/div>\n\t\t\t\t\t<\/div>\n\t\t<\/section>\n\t\t\t\t<section class=\"elementor-section elementor-top-section elementor-element elementor-element-b4b1e5e elementor-section-boxed elementor-section-height-default elementor-section-height-default\" data-id=\"b4b1e5e\" data-element_type=\"section\" data-e-type=\"section\">\n\t\t\t\t\t\t<div class=\"elementor-container elementor-column-gap-default\">\n\t\t\t\t\t<div class=\"elementor-column elementor-col-100 elementor-top-column elementor-element elementor-element-62dc89a\" data-id=\"62dc89a\" data-element_type=\"column\" data-e-type=\"column\">\n\t\t\t<div class=\"elementor-widget-wrap elementor-element-populated\">\n\t\t\t\t\t\t<div class=\"elementor-element elementor-element-7e3d4dc elementor-widget elementor-widget-text-editor\" data-id=\"7e3d4dc\" data-element_type=\"widget\" data-e-type=\"widget\" data-widget_type=\"text-editor.default\">\n\t\t\t\t<div class=\"elementor-widget-container\">\n\t\t\t\t\t\t\t\t\t<p style=\"text-align: justify;\">Cho\u0107 <strong>klimatyzacja w samochodzie<\/strong> nie jest systemem, kt\u00f3ry jest niezb\u0119dny do bezpiecznej jazdy, to ma\u0142o kto wyobra\u017ca sobie w dzisiejszych czasach podr\u00f3\u017cowanie bez niej. Szczeg\u00f3lnie d\u0142ugie trasy w upalne dni s\u0105 niezwykle m\u0119cz\u0105ce, je\u015bli ten uk\u0142ad nie dzia\u0142a prawid\u0142owo. Zatem, je\u015bli zauwa\u017cy\u0142e\u015b, \u017ce wn\u0119trze Twojego pojazdu nie ch\u0142odzi si\u0119 w spos\u00f3b prawid\u0142owy, warto zleci\u0107 <strong>napraw\u0119 klimatyzacji<\/strong>. Powody usterek mog\u0105 by\u0107 r\u00f3\u017cne \u2013 od niesprawnego kompresora, przez nieszczelno\u015b\u0107, po awari\u0119 <a href=\"\/elektryka-samochodowa\/\">elektryki samochodowej<\/a> steruj\u0105cej dzia\u0142aniem nawiew\u00f3w.<\/p><p style=\"text-align: justify;\">Pierwszym krokiem w diagnostyce jest zatem <strong>sprawdzenie szczelno\u015bci klimatyzacji<\/strong>. Warto zleca\u0107 to profesjonalistom, kt\u00f3rzy wykorzystuj\u0105 nowoczesne metody. Mo\u017cesz na to liczy\u0107 w naszym warsztacie.<\/p><h2>Kt\u00f3ry serwis klimatyzacji samochodowej wybra\u0107?<\/h2><p style=\"text-align: justify;\">Oczywi\u015bcie ten do\u015bwiadczony! <strong>Napraw\u0105 klimatyzacji samochodowej<\/strong> zajmujemy si\u0119 od lat, dlatego warto powierzy\u0107 nam swoje auto. Ju\u017c na etapie szczeg\u00f3\u0142owej diagnostyki namierzamy problemy, z kt\u00f3rymi po mistrzowsku radz\u0105 sobie nasi mechanicy. Cho\u0107 sprawno\u015b\u0107 klimatyzacji nie przek\u0142ada si\u0119 bezpo\u015brednio na bezpiecze\u0144stwo jazdy, niski komfort prowadzenia spowodowany trudnymi do wytrzymania temperaturami mo\u017ce skutkowa\u0107 gorsz\u0105 koncentracj\u0105. Czym za\u015b mo\u017ce si\u0119 ko\u0144czy\u0107 obni\u017cona czujno\u015b\u0107, powszechnie wiadomo.<\/p><p style=\"text-align: justify;\">Nie czekaj wi\u0119c z napraw\u0105 klimatyzacji i ju\u017c dzi\u015b odwied\u017a nasz serwis dzia\u0142aj\u0105cy w Bia\u0142ymstoku. Dzia\u0142amy nie tylko szybko, sprawnie i skutecznie, ale oferujemy te\u017c konkurencyjne ceny. Je\u015bli wi\u0119c potrzebujesz wsparcia w tym zakresie, skontaktuj si\u0119 z nami ju\u017c dzi\u015b. Warto doda\u0107, \u017ce zajmujemy si\u0119 nie tylko serwisem klimatyzacji samochodowej, ale zapewniamy te\u017c <a href=\"\/rozrzady\/\">wymian\u0119 rozrz\u0105du<\/a> oraz prace naprawcze i konserwacyjne obejmuj\u0105ce inne podzespo\u0142y. <strong>Nasi fachowcy obs\u0142uguj\u0105 niemal wszystkie marki i modele aut, kt\u00f3re dost\u0119pne s\u0105 na polskim rynku<\/strong>.<\/p>\t\t\t\t\t\t\t\t<\/div>\n\t\t\t\t<\/div>\n\t\t\t\t<div class=\"elementor-element elementor-element-847c4ce elementor-widget elementor-widget-heading\" data-id=\"847c4ce\" data-element_type=\"widget\" data-e-type=\"widget\" data-widget_type=\"heading.default\">\n\t\t\t\t<div class=\"elementor-widget-container\">\n\t\t\t\t\t<h2 class=\"elementor-heading-title elementor-size-default\">Naprawa klimatyzacji samochodowej \u2013 szczelno\u015b\u0107, spawanie, odgrzybianie<\/h2>\t\t\t\t<\/div>\n\t\t\t\t<\/div>\n\t\t\t\t<div class=\"elementor-element elementor-element-741d311 elementor-widget elementor-widget-text-editor\" data-id=\"741d311\" data-element_type=\"widget\" data-e-type=\"widget\" data-widget_type=\"text-editor.default\">\n\t\t\t\t<div class=\"elementor-widget-container\">\n\t\t\t\t\t\t\t\t\t<p style=\"text-align: justify;\"><b>Naprawy klimatyzacji samochodowej<\/b> mog\u0105 obejmowa\u0107 szereg zr\u00f3\u017cnicowanych dzia\u0142a\u0144. W\u015br\u00f3d us\u0142ug, kt\u00f3re wykonujemy najcz\u0119\u015bciej, znajduj\u0105 si\u0119:<\/p>\t\t\t\t\t\t\t\t<\/div>\n\t\t\t\t<\/div>\n\t\t\t\t<div class=\"elementor-element elementor-element-024623a elementor-icon-list--layout-traditional elementor-list-item-link-full_width elementor-widget elementor-widget-icon-list\" data-id=\"024623a\" data-element_type=\"widget\" data-e-type=\"widget\" data-widget_type=\"icon-list.default\">\n\t\t\t\t<div class=\"elementor-widget-container\">\n\t\t\t\t\t\t\t<ul class=\"elementor-icon-list-items\">\n\t\t\t\t\t\t\t<li class=\"elementor-icon-list-item\">\n\t\t\t\t\t\t\t\t\t\t\t<span class=\"elementor-icon-list-icon\">\n\t\t\t\t\t\t\t\t\t\t\t\t\t\t\t\t<i class=\"fa fa-dot-circle-o\" aria-hidden=\"true\"><\/i>\n\t\t\t\t\t\t\t\t\t\t\t\t\t<\/span>\n\t\t\t\t\t\t\t\t\t\t<span class=\"elementor-icon-list-text\"><b>nape\u0142nienie klimatyzacji <\/b>czynnikiem R134a,<\/span>\n\t\t\t\t\t\t\t\t\t<\/li>\n\t\t\t\t\t\t\t\t<li class=\"elementor-icon-list-item\">\n\t\t\t\t\t\t\t\t\t\t\t<span class=\"elementor-icon-list-icon\">\n\t\t\t\t\t\t\t\t\t\t\t\t\t\t\t\t<i class=\"fa fa-dot-circle-o\" aria-hidden=\"true\"><\/i>\n\t\t\t\t\t\t\t\t\t\t\t\t\t<\/span>\n\t\t\t\t\t\t\t\t\t\t<span class=\"elementor-icon-list-text\"><a href=\"\/naprawa-pojazdow\/\">wymiana oleju<\/a> w spr\u0119\u017carce - kompresorze klimatyzacji,<\/span>\n\t\t\t\t\t\t\t\t\t<\/li>\n\t\t\t\t\t\t\t\t<li class=\"elementor-icon-list-item\">\n\t\t\t\t\t\t\t\t\t\t\t<span class=\"elementor-icon-list-icon\">\n\t\t\t\t\t\t\t\t\t\t\t\t\t\t\t\t<i class=\"fa fa-dot-circle-o\" aria-hidden=\"true\"><\/i>\n\t\t\t\t\t\t\t\t\t\t\t\t\t<\/span>\n\t\t\t\t\t\t\t\t\t\t<span class=\"elementor-icon-list-text\">odgrzybianie - ozonowanie,<\/span>\n\t\t\t\t\t\t\t\t\t<\/li>\n\t\t\t\t\t\t\t\t<li class=\"elementor-icon-list-item\">\n\t\t\t\t\t\t\t\t\t\t\t<span class=\"elementor-icon-list-icon\">\n\t\t\t\t\t\t\t\t\t\t\t\t\t\t\t\t<i class=\"fa fa-dot-circle-o\" aria-hidden=\"true\"><\/i>\n\t\t\t\t\t\t\t\t\t\t\t\t\t<\/span>\n\t\t\t\t\t\t\t\t\t\t<span class=\"elementor-icon-list-text\"><strong>test szczelno\u015bci uk\u0142adu klimatyzacji <\/strong>najskuteczniejsz\u0105 z metod \u2013 hydrogenem, czyli mieszanin\u0105 5% wodoru i 95% azotu,<\/span>\n\t\t\t\t\t\t\t\t\t<\/li>\n\t\t\t\t\t\t\t\t<li class=\"elementor-icon-list-item\">\n\t\t\t\t\t\t\t\t\t\t\t<span class=\"elementor-icon-list-icon\">\n\t\t\t\t\t\t\t\t\t\t\t\t\t\t\t\t<i class=\"fa fa-dot-circle-o\" aria-hidden=\"true\"><\/i>\n\t\t\t\t\t\t\t\t\t\t\t\t\t<\/span>\n\t\t\t\t\t\t\t\t\t\t<span class=\"elementor-icon-list-text\">naprawa - spawanie, zarabianie przewod\u00f3w uk\u0142adu klimatyzacji,<\/span>\n\t\t\t\t\t\t\t\t\t<\/li>\n\t\t\t\t\t\t\t\t<li class=\"elementor-icon-list-item\">\n\t\t\t\t\t\t\t\t\t\t\t<span class=\"elementor-icon-list-icon\">\n\t\t\t\t\t\t\t\t\t\t\t\t\t\t\t\t<i class=\"fa fa-dot-circle-o\" aria-hidden=\"true\"><\/i>\n\t\t\t\t\t\t\t\t\t\t\t\t\t<\/span>\n\t\t\t\t\t\t\t\t\t\t<span class=\"elementor-icon-list-text\">wymiana osuszacza, ch\u0142odnicy klimatyzacji.<\/span>\n\t\t\t\t\t\t\t\t\t<\/li>\n\t\t\t\t\t\t<\/ul>\n\t\t\t\t\t\t<\/div>\n\t\t\t\t<\/div>\n\t\t\t\t\t<\/div>\n\t\t<\/div>\n\t\t\t\t\t<\/div>\n\t\t<\/section>\n\t\t\t\t<section class=\"elementor-section elementor-top-section elementor-element elementor-element-1234198 elementor-section-boxed elementor-section-height-default elementor-section-height-default\" data-id=\"1234198\" data-element_type=\"section\" data-e-type=\"section\">\n\t\t\t\t\t\t<div class=\"elementor-container elementor-column-gap-default\">\n\t\t\t\t\t<div class=\"elementor-column elementor-col-100 elementor-top-column elementor-element elementor-element-fe479e7\" data-id=\"fe479e7\" data-element_type=\"column\" data-e-type=\"column\">\n\t\t\t<div class=\"elementor-widget-wrap elementor-element-populated\">\n\t\t\t\t\t\t<div class=\"elementor-element elementor-element-01b4b7b elementor-widget elementor-widget-text-editor\" data-id=\"01b4b7b\" data-element_type=\"widget\" data-e-type=\"widget\" data-widget_type=\"text-editor.default\">\n\t\t\t\t<div class=\"elementor-widget-container\">\n\t\t\t\t\t\t\t\t\t<h2>Kiedy nale\u017cy przeprowadzi\u0107 serwis klimatyzacji samochodowej?<\/h2>\n<p><strong>Sprawdzenie szczelno\u015bci klimatyzacji<\/strong> pozwala zachowa\u0107 sprawne funkcjonowanie ca\u0142ego systemu. Zaleca si\u0119, aby przynajmniej raz do roku lub co dwa lata poddawa\u0107 instalacj\u0119 serwisowi. Taki krok pozwoli na utrzymanie jej w dobrej kondycji i wydajno\u015bci.<\/p>\n<p>Najlepiej serwisowa\u0107 klimatyzacj\u0119 przed nadchodz\u0105cym sezonem letnim, gdy b\u0119dziesz korzysta\u0107 z niej z najwi\u0119ksz\u0105 intensywno\u015bci\u0105. Dzi\u0119ki temu mo\u017cna unikn\u0105\u0107 nieprzyjemnych niespodzianek w trakcie upalnych dni.<\/p>\n<p>Serwis klimatyzacji samochodowej powinien mie\u0107 miejsce r&oacute;wnie\u017c w sytuacji, gdy zauwa\u017cysz niepokoj\u0105ce objawy podczas pracy systemu. Mowa tu zar&oacute;wno o nieprzyjemnym zapachu, jak i nietypowych d\u017awi\u0119kach. Powszechnym objawem uszkodzenia systemu jest te\u017c niewystarczaj\u0105co niska temperatura nawiewanego powietrza. Zwykle takie zjawisko pojawia si\u0119 w sytuacji, gdy w instalacji znajduje si\u0119 zbyt ma\u0142a ilo\u015b\u0107 czynnika ch\u0142odniczego.<\/p>\n<p>Serwis klimatyzacji samochodowej nale\u017cy przeprowadzi\u0107 tak\u017ce w sytuacji, gdy zauwa\u017cysz mokre plamy pod pojazdem. Cz\u0119sto s\u0105 one objawem wyciek&oacute;w czynnika ch\u0142odz\u0105cego, ale takie zjawisko mo\u017ce zwiastowa\u0107 r&oacute;wnie\u017c inne, powa\u017cniejsze problemy. W naszym warsztacie przeprowadzamy kompleksow\u0105 diagnostyk\u0119, dzi\u0119ki czemu mo\u017cemy wykry\u0107 tak\u017ce dodatkowe awarie.<\/p>\n<p>Chcesz zleci\u0107 profesjonalny <strong>serwis klimatyzacji<\/strong>? Skorzystaj z naszych us\u0142ug. Dzia\u0142amy szybko, sprawnie i przy wykorzystaniu nowoczesnych narz\u0119dzi. Nie czekaj na przyj\u015bcie upa\u0142&oacute;w &ndash; napraw\u0119 klimatyzacji warto zam&oacute;wi\u0107 od razu.<\/p>\t\t\t\t\t\t\t\t<\/div>\n\t\t\t\t<\/div>\n\t\t\t\t\t<\/div>\n\t\t<\/div>\n\t\t\t\t\t<\/div>\n\t\t<\/section>\n\t\t\t\t<\/div>\n\t\t","protected":false},"excerpt":{"rendered":"<p>Serwis klimatyzacji samochodowej \u2013 Bia\u0142ystok Cho\u0107 klimatyzacja w samochodzie nie jest systemem, kt\u00f3ry jest niezb\u0119dny do bezpiecznej jazdy, to ma\u0142o [&hellip;]<\/p>\n","protected":false},"author":2,"featured_media":0,"parent":0,"menu_order":0,"comment_status":"closed","ping_status":"closed","template":"","meta":{"site-sidebar-layout":"default","site-content-layout":"","ast-site-content-layout":"default","site-content-style":"default","site-sidebar-style":"default","ast-global-header-display":"","ast-banner-title-visibility":"","ast-main-header-display":"","ast-hfb-above-header-display":"","ast-hfb-below-header-display":"","ast-hfb-mobile-header-display":"","site-post-title":"","ast-breadcrumbs-content":"","ast-featured-img":"","footer-sml-layout":"","ast-disable-related-posts":"","theme-transparent-header-meta":"","adv-header-id-meta":"","stick-header-meta":"","header-above-stick-meta":"","header-main-stick-meta":"","header-below-stick-meta":"","astra-migrate-meta-layouts":"default","ast-page-background-enabled":"default","ast-page-background-meta":{"desktop":{"background-color":"var(--ast-global-color-5)","background-image":"","background-repeat":"repeat","background-position":"center center","background-size":"auto","background-attachment":"scroll","background-type":"","background-media":"","overlay-type":"","overlay-color":"","overlay-opacity":"","overlay-gradient":""},"tablet":{"background-color":"","background-image":"","background-repeat":"repeat","background-position":"center center","background-size":"auto","background-attachment":"scroll","background-type":"","background-media":"","overlay-type":"","overlay-color":"","overlay-opacity":"","overlay-gradient":""},"mobile":{"background-color":"","background-image":"","background-repeat":"repeat","background-position":"center center","background-size":"auto","background-attachment":"scroll","background-type":"","background-media":"","overlay-type":"","overlay-color":"","overlay-opacity":"","overlay-gradient":""}},"ast-content-background-meta":{"desktop":{"background-color":"var(--ast-global-color-4)","background-image":"","background-repeat":"repeat","background-position":"center center","background-size":"auto","background-attachment":"scroll","background-type":"","background-media":"","overlay-type":"","overlay-color":"","overlay-opacity":"","overlay-gradient":""},"tablet":{"background-color":"var(--ast-global-color-4)","background-image":"","background-repeat":"repeat","background-position":"center center","background-size":"auto","background-attachment":"scroll","background-type":"","background-media":"","overlay-type":"","overlay-color":"","overlay-opacity":"","overlay-gradient":""},"mobile":{"background-color":"var(--ast-global-color-4)","background-image":"","background-repeat":"repeat","background-position":"center center","background-size":"auto","background-attachment":"scroll","background-type":"","background-media":"","overlay-type":"","overlay-color":"","overlay-opacity":"","overlay-gradient":""}},"footnotes":""},"class_list":["post-213","page","type-page","status-publish","hentry"],"_links":{"self":[{"href":"https:\/\/specautoserwis.pl\/index.php?rest_route=\/wp\/v2\/pages\/213","targetHints":{"allow":["GET"]}}],"collection":[{"href":"https:\/\/specautoserwis.pl\/index.php?rest_route=\/wp\/v2\/pages"}],"about":[{"href":"https:\/\/specautoserwis.pl\/index.php?rest_route=\/wp\/v2\/types\/page"}],"author":[{"embeddable":true,"href":"https:\/\/specautoserwis.pl\/index.php?rest_route=\/wp\/v2\/users\/2"}],"replies":[{"embeddable":true,"href":"https:\/\/specautoserwis.pl\/index.php?rest_route=%2Fwp%2Fv2%2Fcomments&post=213"}],"version-history":[{"count":10,"href":"https:\/\/specautoserwis.pl\/index.php?rest_route=\/wp\/v2\/pages\/213\/revisions"}],"predecessor-version":[{"id":1740,"href":"https:\/\/specautoserwis.pl\/index.php?rest_route=\/wp\/v2\/pages\/213\/revisions\/1740"}],"wp:attachment":[{"href":"https:\/\/specautoserwis.pl\/index.php?rest_route=%2Fwp%2Fv2%2Fmedia&parent=213"}],"curies":[{"name":"wp","href":"https:\/\/api.w.org\/{rel}","templated":true}]}}