{"id":284,"date":"2019-12-29T22:49:38","date_gmt":"2019-12-29T21:49:38","guid":{"rendered":"http:\/\/specautoserwis.pl\/?page_id=284"},"modified":"2024-11-14T13:09:14","modified_gmt":"2024-11-14T12:09:14","slug":"naprawa-ukladow-wydechowych","status":"publish","type":"page","link":"https:\/\/specautoserwis.pl\/?page_id=284","title":{"rendered":"Naprawa uk\u0142ad\u00f3w wydechowych"},"content":{"rendered":"\t\t<div data-elementor-type=\"wp-post\" data-elementor-id=\"284\" class=\"elementor elementor-284\">\n\t\t\t\t\t\t<section class=\"elementor-section elementor-top-section elementor-element elementor-element-142bcff elementor-section-boxed elementor-section-height-default elementor-section-height-default\" data-id=\"142bcff\" data-element_type=\"section\" data-e-type=\"section\">\n\t\t\t\t\t\t<div class=\"elementor-container elementor-column-gap-default\">\n\t\t\t\t\t<div class=\"elementor-column elementor-col-100 elementor-top-column elementor-element elementor-element-7a2403e\" data-id=\"7a2403e\" data-element_type=\"column\" data-e-type=\"column\">\n\t\t\t<div class=\"elementor-widget-wrap elementor-element-populated\">\n\t\t\t\t\t\t<div class=\"elementor-element elementor-element-027e6f4 elementor-widget elementor-widget-html\" data-id=\"027e6f4\" data-element_type=\"widget\" data-e-type=\"widget\" data-widget_type=\"html.default\">\n\t\t\t\t<div class=\"elementor-widget-container\">\n\t\t\t\t\t<span><span><a href=\"https:\/\/specautoserwis.pl\/\">Strona g\u0142\u00f3wna<\/a><\/span><\/span>\r\n\t\t\t\t<\/div>\n\t\t\t\t<\/div>\n\t\t\t\t<div class=\"elementor-element elementor-element-e6e7511 elementor-widget elementor-widget-heading\" data-id=\"e6e7511\" data-element_type=\"widget\" data-e-type=\"widget\" data-widget_type=\"heading.default\">\n\t\t\t\t<div class=\"elementor-widget-container\">\n\t\t\t\t\t<h1 class=\"elementor-heading-title elementor-size-default\">Naprawa uk\u0142ad\u00f3w wydechowych<\/h1>\t\t\t\t<\/div>\n\t\t\t\t<\/div>\n\t\t\t\t<div class=\"elementor-element elementor-element-4f03b49 elementor-widget elementor-widget-text-editor\" data-id=\"4f03b49\" data-element_type=\"widget\" data-e-type=\"widget\" data-widget_type=\"text-editor.default\">\n\t\t\t\t<div class=\"elementor-widget-container\">\n\t\t\t\t\t\t\t\t\t<p><strong>Uk\u0142ad wydechowy <\/strong>stanowi kluczowy element ka\u017cdego pojazdu odpowiedzialny za odprowadzanie spalin ze silnika do atmosfery. Funkcjonuje on na zasadzie przep\u0142ywu gaz\u00f3w przez seri\u0119 rur oraz komponent\u00f3w redukuj\u0105cych ha\u0142as, oczyszczaj\u0105cych spaliny i poprawiaj\u0105cych efektywno\u015b\u0107 pracy jednostki nap\u0119dowej. Jest niezb\u0119dny dla prawid\u0142owego dzia\u0142ania samochodu; pomaga bowiem utrzyma\u0107 optymaln\u0105 wydajno\u015b\u0107 silnika oraz minimalizowa\u0107 emisj\u0119 szkodliwych gaz\u00f3w do otoczenia. Bez niego spaliny generowane przez jednostk\u0119 mog\u0142yby by\u0107 gro\u017ane zar\u00f3wno dla \u015brodowiska naturalnego jak i zdrowia ludzi korzystaj\u0105cych z dr\u00f3g publicznych czy prywatnych teren\u00f3w u\u017cytkowych.<\/p><h2>Elementy sk\u0142adowe uk\u0142adu wydechowego<\/h2><p>Uk\u0142ad wydechowy sk\u0142ada si\u0119 z kilku kluczowych komponent\u00f3w zaczynaj\u0105c od<strong> kolektora wydechowego<\/strong> zbieraj\u0105cego gazy ze wszystkich cylindr\u00f3w silnika, a nast\u0119pnie kieruj\u0105cego je do jednej rury transportowej. Gazy przechodz\u0105 przez katalizator redukuj\u0105cy ilo\u015b\u0107 szkodliwych substancji poprzez ich przekszta\u0142cenie w mniej toksyczne zwi\u0105zki chemiczne. Kolejnym istotnym elementem jest<strong> filtr cz\u0105stek sta\u0142ych (DPF)<\/strong>, kt\u00f3ry ma za zadanie zatrzyma\u0107 oraz spali\u0107 te drobinki obecne w spalinach. Nast\u0119pnie znajduje si\u0119 t\u0142umik , kt\u00f3rego rol\u0105 jest redukcja ha\u0142asu generowanego podczas przep\u0142ywu gazu. Na ko\u0144cu uk\u0142adu umieszczona zosta\u0142a rura wydechowa , kt\u00f3ra odprowadza oczyszczone gazy bezpo\u015brednio do atmosfery.<\/p><h2>Filtr cz\u0105stek sta\u0142ych DPF<\/h2><p><strong>DPF regenerowany i czyszczony w Bia\u0142ymstoku<\/strong>, czyli filtr cz\u0105stek sta\u0142ych, to kluczowy komponent uk\u0142adu wydechowego w nowoczesnych pojazdach z silnikami Diesla. Jego g\u0142\u00f3wnym zadaniem jest zatrzymywanie i spalanie cz\u0105stek sta\u0142ych zawartych w spalinach, kt\u00f3re s\u0105 szkodliwe dla \u015brodowiska oraz zdrowia ludzi. Sk\u0142ada si\u0119 on z ceramicznego wk\u0142adu pokrytego specjalnym katalizatorem, przyspieszaj\u0105cym proces spalania tych cz\u0105stek. Filtr DPF, kt\u00f3rym zajmujemy si\u0119 w Bia\u0142ymstoku, jest niezb\u0119dny do <strong>spe\u0142nienia przez pojazd norm emisji spalin Euro 5 i Euro 6<\/strong>. Jednak\u017ce, ze wzgl\u0119du na swoj\u0105 konstrukcj\u0119 oraz spos\u00f3b dzia\u0142ania, mo\u017ce ulec zapchaniu lub uszkodzeniu, co wymaga jego czyszczenia lub wymiany.<\/p><h2>Ekologiczne rozwi\u0105zania w uk\u0142adach wydechowych<\/h2><p>Uk\u0142ady wydechowe, wraz z post\u0119pem technologii, staj\u0105 si\u0119 coraz bardziej ekologiczne i zaawansowane. S\u0105 wyposa\u017cone w katalizatory redukuj\u0105ce szkodliwe dla \u015brodowiska gazy, <strong>suche filtry cz\u0105stek sta\u0142ych DPF<\/strong> oraz ich odpowiedniki FAP. Wprowadzono r\u00f3wnie\u017c GPF, kt\u00f3re s\u0105 powszechnie stosowane w pojazdach spalinowych. Te elementy ulegaj\u0105 zu\u017cyciu i awarii, wymagaj\u0105c regularnej konserwacji i naprawy. Nasza firma posiada specjalistyczny dzia\u0142 serwisu <strong>DPF w Bia\u0142ymstoku<\/strong>, kt\u00f3ry zajmuje si\u0119 regeneracj\u0105, napraw\u0105 oraz wymian\u0105 filtr\u00f3w cz\u0105stek sta\u0142ych.<\/p><h2>Czyszczenie filtr\u00f3w DPF w Bia\u0142ymstoku<\/h2><p><strong>Czyszczenie DPF w Bia\u0142ymstoku<\/strong> to proces usuwania nagromadzonych cz\u0105stek sta\u0142ych z filtra, co pozwala na przywr\u00f3cenie pe\u0142nej funkcjonalno\u015bci urz\u0105dzenia. Oferujemy profesjonalne us\u0142ugi tego typu, kt\u00f3re pomagaj\u0105 w utrzymaniu optymalnej wydajno\u015bci silnika oraz minimalizacji emisji szkodliwych substancji. Proces polega na podgrzewaniu filtra do wysokiej temperatury, co powoduje spalenie nagromadzonych cz\u0105stek sta\u0142ych. Nast\u0119pnie filtr jest dok\u0142adnie przep\u0142ukiwany i suszony w celu usuni\u0119cia wszelkich pozosta\u0142o\u015bci. Czyszczenie DPF jest niezb\u0119dne w przypadku zapchania filtra lub wyst\u0105pienia problem\u00f3w z wydajno\u015bci\u0105 silnika.<\/p><h2>Regeneracja filtr\u00f3w DPF w Bia\u0142ymstoku<\/h2><p><strong>Regeneracja DPF<\/strong> to proces przywracania pe\u0142nej funkcjonalno\u015bci poprzez usuni\u0119cie nagromadzonych cz\u0105stek sta\u0142ych oraz oczyszczenie wk\u0142adu ceramicznego. W <strong>Bia\u0142ymstoku<\/strong> dost\u0119pne s\u0105 profesjonalne us\u0142ugi odnawiania tego elementu, kt\u00f3re wspieraj\u0105 utrzymanie optymalnej wydajno\u015bci silnika i minimalizacj\u0119 emisji szkodliwych substancji. Proces regeneracji polega na podgrzewaniu filtra do wysokiej temperatury, co prowadzi do spalenia zgromadzonych cz\u0105stek sta\u0142ych. Po tym etapie filtr jest dok\u0142adnie przep\u0142ukiwany i suszony w celu eliminacji wszelkich pozosta\u0142o\u015bci. <strong>Regeneracja DPF w Bia\u0142ymstoku<\/strong> staje si\u0119 konieczna w przypadku zapchania filtra lub wyst\u0119powania problem\u00f3w z wydajno\u015bci\u0105 jednostki nap\u0119dowej.<\/p><h2>Zalety naszych us\u0142ug naprawy uk\u0142ad\u00f3w wydechowych<\/h2><p>Korzystanie z oferowanych us\u0142ug to gwarancja profesjonalizmu oraz wysokiej jako\u015bci wykonania prac. Posiadane wieloletnie do\u015bwiadczenie w bran\u017cy umo\u017cliwia skuteczne i szybkie rozwi\u0105zywanie problem\u00f3w zwi\u0105zanych z uk\u0142adami wydechowymi pojazd\u00f3w. Oferta obejmuje szeroki zakres dzia\u0142a\u0144 \u2013 od <strong>naprawy katalizator\u00f3w oraz uk\u0142ad\u00f3w wydechowych<\/strong> po ich czyszczenie i regeneracj\u0119 DPF czy produkcj\u0119 system\u00f3w wydechowych na zam\u00f3wienie klient\u00f3w indywidualnych b\u0105d\u017a firmowych. Dysponuj\u0105c bogatym zapleczem cz\u0119\u015bci zamiennych, mo\u017cliwa jest szybka realizacja us\u0142ug dostosowanych do potrzeb u\u017cytkownik\u00f3w pojazd\u00f3w.<\/p><h2>Jak skorzysta\u0107 us\u0142ug Spec Auto w Bia\u0142ymstoku<\/h2><p>Aby skorzysta\u0107 z dost\u0119pnych us\u0142ug, wystarczy skontaktowa\u0107 si\u0119 telefonicznie lub mailowo. Nasi specjali\u015bci udziel\u0105 wszelkich niezb\u0119dnych informacji i um\u00f3wi\u0105 na dogodny termin wizyty. Przyjed\u017a do <strong>serwisu DPF w Bia\u0142ymstoku<\/strong>, a my zajmiemy si\u0119 reszt\u0105. Zesp\u00f3\u0142 dokona dok\u0142adnej diagnozy problemu i zaproponuje optymalne rozwi\u0105zanie. W przypadku akceptacji oferty przyst\u0105pimy do pracy nad Twoim pojazdem, gwarantuj\u0105c szybk\u0105 oraz profesjonaln\u0105 obs\u0142ug\u0119 na najwy\u017cszym poziomie.<\/p>\t\t\t\t\t\t\t\t<\/div>\n\t\t\t\t<\/div>\n\t\t\t\t\t<\/div>\n\t\t<\/div>\n\t\t\t\t\t<\/div>\n\t\t<\/section>\n\t\t\t\t<section class=\"elementor-section elementor-top-section elementor-element elementor-element-b36ef72 elementor-section-boxed elementor-section-height-default elementor-section-height-default\" data-id=\"b36ef72\" data-element_type=\"section\" data-e-type=\"section\">\n\t\t\t\t\t\t<div class=\"elementor-container elementor-column-gap-default\">\n\t\t\t\t\t<div class=\"elementor-column elementor-col-100 elementor-top-column elementor-element elementor-element-5652995\" data-id=\"5652995\" data-element_type=\"column\" data-e-type=\"column\">\n\t\t\t<div class=\"elementor-widget-wrap elementor-element-populated\">\n\t\t\t\t\t\t<div class=\"elementor-element elementor-element-f63b0a7 elementor-widget elementor-widget-spacer\" data-id=\"f63b0a7\" data-element_type=\"widget\" data-e-type=\"widget\" data-widget_type=\"spacer.default\">\n\t\t\t\t<div class=\"elementor-widget-container\">\n\t\t\t\t\t\t\t<div class=\"elementor-spacer\">\n\t\t\t<div class=\"elementor-spacer-inner\"><\/div>\n\t\t<\/div>\n\t\t\t\t\t\t<\/div>\n\t\t\t\t<\/div>\n\t\t\t\t\t<\/div>\n\t\t<\/div>\n\t\t\t\t\t<\/div>\n\t\t<\/section>\n\t\t\t\t<section class=\"elementor-section elementor-top-section elementor-element elementor-element-7f9499d elementor-section-boxed elementor-section-height-default elementor-section-height-default\" data-id=\"7f9499d\" data-element_type=\"section\" data-e-type=\"section\">\n\t\t\t\t\t\t<div class=\"elementor-container elementor-column-gap-default\">\n\t\t\t\t\t<div class=\"elementor-column elementor-col-100 elementor-top-column elementor-element elementor-element-006f39a\" data-id=\"006f39a\" data-element_type=\"column\" data-e-type=\"column\">\n\t\t\t<div class=\"elementor-widget-wrap elementor-element-populated\">\n\t\t\t\t\t\t<section class=\"elementor-section elementor-inner-section elementor-element elementor-element-0f42aee elementor-section-boxed elementor-section-height-default elementor-section-height-default\" data-id=\"0f42aee\" data-element_type=\"section\" data-e-type=\"section\">\n\t\t\t\t\t\t<div class=\"elementor-container elementor-column-gap-default\">\n\t\t\t\t\t<div class=\"elementor-column elementor-col-50 elementor-inner-column elementor-element elementor-element-c6829aa\" data-id=\"c6829aa\" data-element_type=\"column\" data-e-type=\"column\">\n\t\t\t<div class=\"elementor-widget-wrap elementor-element-populated\">\n\t\t\t\t\t\t<div class=\"elementor-element elementor-element-a8e4b84 elementor-widget elementor-widget-image\" data-id=\"a8e4b84\" data-element_type=\"widget\" data-e-type=\"widget\" data-widget_type=\"image.default\">\n\t\t\t\t<div class=\"elementor-widget-container\">\n\t\t\t\t\t\t\t\t\t\t\t\t\t\t\t<img fetchpriority=\"high\" decoding=\"async\" width=\"1024\" height=\"768\" src=\"https:\/\/specautoserwis.pl\/wp-content\/uploads\/2020\/01\/5spa-1024x768.jpg\" class=\"attachment-large size-large wp-image-322\" alt=\"uk\u0142ad wydechowy zbli\u017cenie\" srcset=\"https:\/\/specautoserwis.pl\/wp-content\/uploads\/2020\/01\/5spa-1024x768.jpg 1024w, https:\/\/specautoserwis.pl\/wp-content\/uploads\/2020\/01\/5spa-300x225.jpg 300w, https:\/\/specautoserwis.pl\/wp-content\/uploads\/2020\/01\/5spa-768x576.jpg 768w, https:\/\/specautoserwis.pl\/wp-content\/uploads\/2020\/01\/5spa.jpg 1536w\" sizes=\"(max-width: 1024px) 100vw, 1024px\" \/>\t\t\t\t\t\t\t\t\t\t\t\t\t\t\t<\/div>\n\t\t\t\t<\/div>\n\t\t\t\t<div class=\"elementor-element elementor-element-cda574b elementor-widget elementor-widget-image\" data-id=\"cda574b\" data-element_type=\"widget\" data-e-type=\"widget\" data-widget_type=\"image.default\">\n\t\t\t\t<div class=\"elementor-widget-container\">\n\t\t\t\t\t\t\t\t\t\t\t\t\t\t\t<img decoding=\"async\" width=\"768\" height=\"1024\" src=\"https:\/\/specautoserwis.pl\/wp-content\/uploads\/2020\/01\/3spa-768x1024.jpg\" class=\"attachment-large size-large wp-image-323\" alt=\"uk\u0142ad wydechowy auta\" srcset=\"https:\/\/specautoserwis.pl\/wp-content\/uploads\/2020\/01\/3spa-768x1024.jpg 768w, https:\/\/specautoserwis.pl\/wp-content\/uploads\/2020\/01\/3spa-225x300.jpg 225w, https:\/\/specautoserwis.pl\/wp-content\/uploads\/2020\/01\/3spa.jpg 1536w\" sizes=\"(max-width: 768px) 100vw, 768px\" \/>\t\t\t\t\t\t\t\t\t\t\t\t\t\t\t<\/div>\n\t\t\t\t<\/div>\n\t\t\t\t<div class=\"elementor-element elementor-element-40d112b elementor-widget elementor-widget-image\" data-id=\"40d112b\" data-element_type=\"widget\" data-e-type=\"widget\" data-widget_type=\"image.default\">\n\t\t\t\t<div class=\"elementor-widget-container\">\n\t\t\t\t\t\t\t\t\t\t\t\t\t\t\t<img decoding=\"async\" width=\"768\" height=\"1024\" src=\"https:\/\/specautoserwis.pl\/wp-content\/uploads\/2019\/12\/wydech-2-768x1024.jpg\" class=\"attachment-large size-large wp-image-291\" alt=\"uk\u0142ad wydechowy w podwoziu auta\" srcset=\"https:\/\/specautoserwis.pl\/wp-content\/uploads\/2019\/12\/wydech-2-768x1024.jpg 768w, https:\/\/specautoserwis.pl\/wp-content\/uploads\/2019\/12\/wydech-2-225x300.jpg 225w, https:\/\/specautoserwis.pl\/wp-content\/uploads\/2019\/12\/wydech-2.jpg 1536w\" sizes=\"(max-width: 768px) 100vw, 768px\" \/>\t\t\t\t\t\t\t\t\t\t\t\t\t\t\t<\/div>\n\t\t\t\t<\/div>\n\t\t\t\t\t<\/div>\n\t\t<\/div>\n\t\t\t\t<div class=\"elementor-column elementor-col-50 elementor-inner-column elementor-element elementor-element-1bd4bc8\" data-id=\"1bd4bc8\" data-element_type=\"column\" data-e-type=\"column\">\n\t\t\t<div class=\"elementor-widget-wrap elementor-element-populated\">\n\t\t\t\t\t\t<div class=\"elementor-element elementor-element-19504ed elementor-widget elementor-widget-image\" data-id=\"19504ed\" data-element_type=\"widget\" data-e-type=\"widget\" data-widget_type=\"image.default\">\n\t\t\t\t<div class=\"elementor-widget-container\">\n\t\t\t\t\t\t\t\t\t\t\t\t\t\t\t<img loading=\"lazy\" decoding=\"async\" width=\"1024\" height=\"768\" src=\"https:\/\/specautoserwis.pl\/wp-content\/uploads\/2020\/01\/2spa-1024x768.jpg\" class=\"attachment-large size-large wp-image-321\" alt=\"cz\u0119\u015b\u0107 uk\u0142adu wydechowego auta\" srcset=\"https:\/\/specautoserwis.pl\/wp-content\/uploads\/2020\/01\/2spa-1024x768.jpg 1024w, https:\/\/specautoserwis.pl\/wp-content\/uploads\/2020\/01\/2spa-300x225.jpg 300w, https:\/\/specautoserwis.pl\/wp-content\/uploads\/2020\/01\/2spa-768x576.jpg 768w, https:\/\/specautoserwis.pl\/wp-content\/uploads\/2020\/01\/2spa.jpg 1536w\" sizes=\"(max-width: 1024px) 100vw, 1024px\" \/>\t\t\t\t\t\t\t\t\t\t\t\t\t\t\t<\/div>\n\t\t\t\t<\/div>\n\t\t\t\t<div class=\"elementor-element elementor-element-ab35811 elementor-widget elementor-widget-image\" data-id=\"ab35811\" data-element_type=\"widget\" data-e-type=\"widget\" data-widget_type=\"image.default\">\n\t\t\t\t<div class=\"elementor-widget-container\">\n\t\t\t\t\t\t\t\t\t\t\t\t\t\t\t<img loading=\"lazy\" decoding=\"async\" width=\"768\" height=\"1024\" src=\"https:\/\/specautoserwis.pl\/wp-content\/uploads\/2020\/01\/4spa-768x1024.jpg\" class=\"attachment-large size-large wp-image-320\" alt=\"fragment wydechu auta\" srcset=\"https:\/\/specautoserwis.pl\/wp-content\/uploads\/2020\/01\/4spa-768x1024.jpg 768w, https:\/\/specautoserwis.pl\/wp-content\/uploads\/2020\/01\/4spa-225x300.jpg 225w, https:\/\/specautoserwis.pl\/wp-content\/uploads\/2020\/01\/4spa.jpg 1536w\" sizes=\"(max-width: 768px) 100vw, 768px\" \/>\t\t\t\t\t\t\t\t\t\t\t\t\t\t\t<\/div>\n\t\t\t\t<\/div>\n\t\t\t\t<div class=\"elementor-element elementor-element-6f8b13a elementor-widget elementor-widget-image\" data-id=\"6f8b13a\" data-element_type=\"widget\" data-e-type=\"widget\" data-widget_type=\"image.default\">\n\t\t\t\t<div class=\"elementor-widget-container\">\n\t\t\t\t\t\t\t\t\t\t\t\t\t\t\t<img loading=\"lazy\" decoding=\"async\" width=\"768\" height=\"1024\" src=\"https:\/\/specautoserwis.pl\/wp-content\/uploads\/2019\/12\/wydech-4-768x1024.jpg\" class=\"attachment-large size-large wp-image-292\" alt=\"uk\u0142ad wydechowy w podwoziu auta\" srcset=\"https:\/\/specautoserwis.pl\/wp-content\/uploads\/2019\/12\/wydech-4-768x1024.jpg 768w, https:\/\/specautoserwis.pl\/wp-content\/uploads\/2019\/12\/wydech-4-225x300.jpg 225w, https:\/\/specautoserwis.pl\/wp-content\/uploads\/2019\/12\/wydech-4.jpg 1536w\" sizes=\"(max-width: 768px) 100vw, 768px\" \/>\t\t\t\t\t\t\t\t\t\t\t\t\t\t\t<\/div>\n\t\t\t\t<\/div>\n\t\t\t\t\t<\/div>\n\t\t<\/div>\n\t\t\t\t\t<\/div>\n\t\t<\/section>\n\t\t\t\t<div class=\"elementor-element elementor-element-2cd462f elementor-widget elementor-widget-text-editor\" data-id=\"2cd462f\" data-element_type=\"widget\" data-e-type=\"widget\" data-widget_type=\"text-editor.default\">\n\t\t\t\t<div class=\"elementor-widget-container\">\n\t\t\t\t\t\t\t\t\t<p>Zawita\u0142a do nas klasyka &#8211; Toyota ae86 na wykonanie uk\u0142adu wydechowego ze stali nierdzewnej &#8211; dokonane prace:<\/p><p>&#8211; przer\u00f3bka kolektora wydechowego<br \/>&#8211; umiejscowienie \u015brodkowego t\u0142umika we wn\u0119ce<br \/>&#8211; dospawanie tulejki pod sond\u0119<\/p>\t\t\t\t\t\t\t\t<\/div>\n\t\t\t\t<\/div>\n\t\t\t\t\t<\/div>\n\t\t<\/div>\n\t\t\t\t\t<\/div>\n\t\t<\/section>\n\t\t\t\t<section class=\"elementor-section elementor-top-section elementor-element elementor-element-ca33ef4 elementor-section-boxed elementor-section-height-default elementor-section-height-default\" data-id=\"ca33ef4\" data-element_type=\"section\" data-e-type=\"section\">\n\t\t\t\t\t\t<div class=\"elementor-container elementor-column-gap-default\">\n\t\t\t\t\t<div class=\"elementor-column elementor-col-100 elementor-top-column elementor-element elementor-element-f396cc4\" data-id=\"f396cc4\" data-element_type=\"column\" data-e-type=\"column\">\n\t\t\t<div class=\"elementor-widget-wrap elementor-element-populated\">\n\t\t\t\t\t\t<section class=\"elementor-section elementor-inner-section elementor-element elementor-element-a92d4f2 elementor-section-boxed elementor-section-height-default elementor-section-height-default\" data-id=\"a92d4f2\" data-element_type=\"section\" data-e-type=\"section\">\n\t\t\t\t\t\t<div class=\"elementor-container elementor-column-gap-default\">\n\t\t\t\t\t<div class=\"elementor-column elementor-col-50 elementor-inner-column elementor-element elementor-element-5886499\" data-id=\"5886499\" data-element_type=\"column\" data-e-type=\"column\">\n\t\t\t<div class=\"elementor-widget-wrap elementor-element-populated\">\n\t\t\t\t\t\t<div class=\"elementor-element elementor-element-2465662 elementor-widget elementor-widget-image\" data-id=\"2465662\" data-element_type=\"widget\" data-e-type=\"widget\" data-widget_type=\"image.default\">\n\t\t\t\t<div class=\"elementor-widget-container\">\n\t\t\t\t\t\t\t\t\t\t\t\t\t\t\t<img loading=\"lazy\" decoding=\"async\" width=\"1024\" height=\"768\" src=\"https:\/\/specautoserwis.pl\/wp-content\/uploads\/2019\/12\/wydech-3-1024x768.jpg\" class=\"attachment-large size-large wp-image-293\" alt=\"wydech pod autem\" srcset=\"https:\/\/specautoserwis.pl\/wp-content\/uploads\/2019\/12\/wydech-3-1024x768.jpg 1024w, https:\/\/specautoserwis.pl\/wp-content\/uploads\/2019\/12\/wydech-3-300x225.jpg 300w, https:\/\/specautoserwis.pl\/wp-content\/uploads\/2019\/12\/wydech-3-768x576.jpg 768w, https:\/\/specautoserwis.pl\/wp-content\/uploads\/2019\/12\/wydech-3.jpg 2048w\" sizes=\"(max-width: 1024px) 100vw, 1024px\" \/>\t\t\t\t\t\t\t\t\t\t\t\t\t\t\t<\/div>\n\t\t\t\t<\/div>\n\t\t\t\t\t<\/div>\n\t\t<\/div>\n\t\t\t\t<div class=\"elementor-column elementor-col-50 elementor-inner-column elementor-element elementor-element-2d21929\" data-id=\"2d21929\" data-element_type=\"column\" data-e-type=\"column\">\n\t\t\t<div class=\"elementor-widget-wrap elementor-element-populated\">\n\t\t\t\t\t\t<div class=\"elementor-element elementor-element-1f7942d elementor-widget elementor-widget-image\" data-id=\"1f7942d\" data-element_type=\"widget\" data-e-type=\"widget\" data-widget_type=\"image.default\">\n\t\t\t\t<div class=\"elementor-widget-container\">\n\t\t\t\t\t\t\t\t\t\t\t\t\t\t\t<img loading=\"lazy\" decoding=\"async\" width=\"960\" height=\"720\" src=\"https:\/\/specautoserwis.pl\/wp-content\/uploads\/2019\/12\/wydech-1.jpg\" class=\"attachment-large size-large wp-image-290\" alt=\"karoseria auta w warsztacie zbli\u017cenie\" srcset=\"https:\/\/specautoserwis.pl\/wp-content\/uploads\/2019\/12\/wydech-1.jpg 960w, https:\/\/specautoserwis.pl\/wp-content\/uploads\/2019\/12\/wydech-1-300x225.jpg 300w, https:\/\/specautoserwis.pl\/wp-content\/uploads\/2019\/12\/wydech-1-768x576.jpg 768w\" sizes=\"(max-width: 960px) 100vw, 960px\" \/>\t\t\t\t\t\t\t\t\t\t\t\t\t\t\t<\/div>\n\t\t\t\t<\/div>\n\t\t\t\t\t<\/div>\n\t\t<\/div>\n\t\t\t\t\t<\/div>\n\t\t<\/section>\n\t\t\t\t\t<\/div>\n\t\t<\/div>\n\t\t\t\t\t<\/div>\n\t\t<\/section>\n\t\t\t\t<section class=\"elementor-section elementor-top-section elementor-element elementor-element-6f7fa49 elementor-section-boxed elementor-section-height-default elementor-section-height-default\" data-id=\"6f7fa49\" data-element_type=\"section\" data-e-type=\"section\">\n\t\t\t\t\t\t<div class=\"elementor-container elementor-column-gap-default\">\n\t\t\t\t\t<div class=\"elementor-column elementor-col-100 elementor-top-column elementor-element elementor-element-7c214ef\" data-id=\"7c214ef\" data-element_type=\"column\" data-e-type=\"column\">\n\t\t\t<div class=\"elementor-widget-wrap elementor-element-populated\">\n\t\t\t\t\t\t<div class=\"elementor-element elementor-element-2a0555f elementor-widget elementor-widget-image\" data-id=\"2a0555f\" data-element_type=\"widget\" data-e-type=\"widget\" data-widget_type=\"image.default\">\n\t\t\t\t<div class=\"elementor-widget-container\">\n\t\t\t\t\t\t\t\t\t\t\t\t\t\t\t<img loading=\"lazy\" decoding=\"async\" width=\"768\" height=\"1024\" src=\"https:\/\/specautoserwis.pl\/wp-content\/uploads\/2020\/01\/1spa-768x1024.jpg\" class=\"attachment-large size-large wp-image-318\" alt=\"spawanie uk\u0142adu wydechowego auta\" srcset=\"https:\/\/specautoserwis.pl\/wp-content\/uploads\/2020\/01\/1spa-768x1024.jpg 768w, https:\/\/specautoserwis.pl\/wp-content\/uploads\/2020\/01\/1spa-225x300.jpg 225w, https:\/\/specautoserwis.pl\/wp-content\/uploads\/2020\/01\/1spa.jpg 1536w\" sizes=\"(max-width: 768px) 100vw, 768px\" \/>\t\t\t\t\t\t\t\t\t\t\t\t\t\t\t<\/div>\n\t\t\t\t<\/div>\n\t\t\t\t\t<\/div>\n\t\t<\/div>\n\t\t\t\t\t<\/div>\n\t\t<\/section>\n\t\t\t\t<\/div>\n\t\t","protected":false},"excerpt":{"rendered":"<p>Naprawa uk\u0142ad\u00f3w wydechowych Uk\u0142ad wydechowy stanowi kluczowy element ka\u017cdego pojazdu odpowiedzialny za odprowadzanie spalin ze silnika do atmosfery. Funkcjonuje on [&hellip;]<\/p>\n","protected":false},"author":2,"featured_media":0,"parent":0,"menu_order":0,"comment_status":"closed","ping_status":"closed","template":"","meta":{"site-sidebar-layout":"default","site-content-layout":"","ast-site-content-layout":"default","site-content-style":"default","site-sidebar-style":"default","ast-global-header-display":"","ast-banner-title-visibility":"","ast-main-header-display":"","ast-hfb-above-header-display":"","ast-hfb-below-header-display":"","ast-hfb-mobile-header-display":"","site-post-title":"","ast-breadcrumbs-content":"","ast-featured-img":"","footer-sml-layout":"","ast-disable-related-posts":"","theme-transparent-header-meta":"","adv-header-id-meta":"","stick-header-meta":"","header-above-stick-meta":"","header-main-stick-meta":"","header-below-stick-meta":"","astra-migrate-meta-layouts":"default","ast-page-background-enabled":"default","ast-page-background-meta":{"desktop":{"background-color":"var(--ast-global-color-5)","background-image":"","background-repeat":"repeat","background-position":"center center","background-size":"auto","background-attachment":"scroll","background-type":"","background-media":"","overlay-type":"","overlay-color":"","overlay-opacity":"","overlay-gradient":""},"tablet":{"background-color":"","background-image":"","background-repeat":"repeat","background-position":"center center","background-size":"auto","background-attachment":"scroll","background-type":"","background-media":"","overlay-type":"","overlay-color":"","overlay-opacity":"","overlay-gradient":""},"mobile":{"background-color":"","background-image":"","background-repeat":"repeat","background-position":"center center","background-size":"auto","background-attachment":"scroll","background-type":"","background-media":"","overlay-type":"","overlay-color":"","overlay-opacity":"","overlay-gradient":""}},"ast-content-background-meta":{"desktop":{"background-color":"var(--ast-global-color-4)","background-image":"","background-repeat":"repeat","background-position":"center center","background-size":"auto","background-attachment":"scroll","background-type":"","background-media":"","overlay-type":"","overlay-color":"","overlay-opacity":"","overlay-gradient":""},"tablet":{"background-color":"var(--ast-global-color-4)","background-image":"","background-repeat":"repeat","background-position":"center center","background-size":"auto","background-attachment":"scroll","background-type":"","background-media":"","overlay-type":"","overlay-color":"","overlay-opacity":"","overlay-gradient":""},"mobile":{"background-color":"var(--ast-global-color-4)","background-image":"","background-repeat":"repeat","background-position":"center center","background-size":"auto","background-attachment":"scroll","background-type":"","background-media":"","overlay-type":"","overlay-color":"","overlay-opacity":"","overlay-gradient":""}},"footnotes":""},"class_list":["post-284","page","type-page","status-publish","hentry"],"_links":{"self":[{"href":"https:\/\/specautoserwis.pl\/index.php?rest_route=\/wp\/v2\/pages\/284","targetHints":{"allow":["GET"]}}],"collection":[{"href":"https:\/\/specautoserwis.pl\/index.php?rest_route=\/wp\/v2\/pages"}],"about":[{"href":"https:\/\/specautoserwis.pl\/index.php?rest_route=\/wp\/v2\/types\/page"}],"author":[{"embeddable":true,"href":"https:\/\/specautoserwis.pl\/index.php?rest_route=\/wp\/v2\/users\/2"}],"replies":[{"embeddable":true,"href":"https:\/\/specautoserwis.pl\/index.php?rest_route=%2Fwp%2Fv2%2Fcomments&post=284"}],"version-history":[{"count":10,"href":"https:\/\/specautoserwis.pl\/index.php?rest_route=\/wp\/v2\/pages\/284\/revisions"}],"predecessor-version":[{"id":1768,"href":"https:\/\/specautoserwis.pl\/index.php?rest_route=\/wp\/v2\/pages\/284\/revisions\/1768"}],"wp:attachment":[{"href":"https:\/\/specautoserwis.pl\/index.php?rest_route=%2Fwp%2Fv2%2Fmedia&parent=284"}],"curies":[{"name":"wp","href":"https:\/\/api.w.org\/{rel}","templated":true}]}}