{"id":308,"date":"2020-01-06T12:26:16","date_gmt":"2020-01-06T11:26:16","guid":{"rendered":"http:\/\/specautoserwis.pl\/?page_id=308"},"modified":"2025-02-20T12:31:07","modified_gmt":"2025-02-20T11:31:07","slug":"elektryka-samochodowa","status":"publish","type":"page","link":"https:\/\/specautoserwis.pl\/?page_id=308","title":{"rendered":"Elektryka samochodowa"},"content":{"rendered":"\t\t<div data-elementor-type=\"wp-post\" data-elementor-id=\"308\" class=\"elementor elementor-308\">\n\t\t\t\t\t\t<section class=\"elementor-section elementor-top-section elementor-element elementor-element-e54ab2f elementor-section-boxed elementor-section-height-default elementor-section-height-default\" data-id=\"e54ab2f\" data-element_type=\"section\" data-e-type=\"section\">\n\t\t\t\t\t\t<div class=\"elementor-container elementor-column-gap-default\">\n\t\t\t\t\t<div class=\"elementor-column elementor-col-100 elementor-top-column elementor-element elementor-element-aa5fcc4\" data-id=\"aa5fcc4\" data-element_type=\"column\" data-e-type=\"column\">\n\t\t\t<div class=\"elementor-widget-wrap elementor-element-populated\">\n\t\t\t\t\t\t<div class=\"elementor-element elementor-element-1342e52 elementor-widget elementor-widget-html\" data-id=\"1342e52\" data-element_type=\"widget\" data-e-type=\"widget\" data-widget_type=\"html.default\">\n\t\t\t\t<div class=\"elementor-widget-container\">\n\t\t\t\t\t<span><span><a href=\"https:\/\/specautoserwis.pl\/\">Strona g\u0142\u00f3wna<\/a><\/span><\/span>\r\n\t\t\t\t<\/div>\n\t\t\t\t<\/div>\n\t\t\t\t<div class=\"elementor-element elementor-element-cad4cf0 elementor-widget elementor-widget-heading\" data-id=\"cad4cf0\" data-element_type=\"widget\" data-e-type=\"widget\" data-widget_type=\"heading.default\">\n\t\t\t\t<div class=\"elementor-widget-container\">\n\t\t\t\t\t<h1 class=\"elementor-heading-title elementor-size-default\">Auto elektryk \u2013 specjali\u015bci w elektryce samochodowej<\/h1>\t\t\t\t<\/div>\n\t\t\t\t<\/div>\n\t\t\t\t<div class=\"elementor-element elementor-element-5a93bef elementor-widget elementor-widget-text-editor\" data-id=\"5a93bef\" data-element_type=\"widget\" data-e-type=\"widget\" data-widget_type=\"text-editor.default\">\n\t\t\t\t<div class=\"elementor-widget-container\">\n\t\t\t\t\t\t\t\t\t<p>W nowoczesnych pojazdach niemal ka\u017cdy system jest sterowany za pomoc\u0105 <strong>elektryki samochodowej<\/strong>. Skomplikowane uk\u0142ady zarz\u0105dzaj\u0105 nie tylko podawaniem paliwa czy dzia\u0142aniem system\u00f3w wspomagaj\u0105cych jazd\u0119, lecz tak\u017ce kontroluj\u0105 prac\u0119 <a href=\"\/naprawa-ukladow-wydechowych\/\">uk\u0142adu wydechowego<\/a> czy hamulcowego. Je\u017celi <strong>elektryka samochodowa<\/strong> ulegnie usterce, skutki s\u0105 zwykle widoczne od razu. Niekt\u00f3re podzespo\u0142y nie funkcjonuj\u0105, inne dzia\u0142aj\u0105 w spos\u00f3b nieprawid\u0142owy. W takiej sytuacji niezb\u0119dna jest pomoc profesjonalnego <strong>auto elektryka<\/strong>.<br \/>Je\u015bli szukasz takiego specjalisty, pami\u0119taj, by wybiera\u0107 osoby, kt\u00f3re specjalizuj\u0105 si\u0119 w tej dziedzinie. Nie ka\u017cdy pracownik warsztatu b\u0119dzie m\u00f3g\u0142 Ci pom\u00f3c ze skomplikowanymi problemami dotycz\u0105cymi elektryki samochodowej.<\/p><p>Dlatego w\u0142a\u015bnie warto wybra\u0107 nasz serwis \u2013 specjalizujemy si\u0119 w <strong>auto elektryce<\/strong>, w szczeg\u00f3lno\u015bci marek takich jak Fiat, Citroen, Peugeot i Opel. Dzia\u0142amy szybko i precyzyjnie, a skuteczne wykrywanie usterek umo\u017cliwiaj\u0105 nam zaawansowane narz\u0119dzia diagnostyczne. Je\u015bli zatem <strong>elektryka<\/strong> w Twoim samochodzie odm\u00f3wi\u0142a pos\u0142usze\u0144stwa, zach\u0119camy do skorzystania z naszych us\u0142ug. Nie warto lekcewa\u017cy\u0107 takich problem\u00f3w, nawet je\u015bli na poz\u00f3r wydaj\u0105 si\u0119 nieszkodliwe. W nowoczesnych pojazdach niemal ka\u017cdy uk\u0142ad wymaga sterowania elektrycznego. Je\u015bli zaniedbasz usterk\u0119, mo\u017cesz doprowadzi\u0107 do jej pog\u0142\u0119bienia.<br \/>Zach\u0119camy do przejrzenia naszej oferty i um\u00f3wienia terminu wizyty.<\/p>\t\t\t\t\t\t\t\t<\/div>\n\t\t\t\t<\/div>\n\t\t\t\t\t<\/div>\n\t\t<\/div>\n\t\t\t\t\t<\/div>\n\t\t<\/section>\n\t\t\t\t<section class=\"elementor-section elementor-top-section elementor-element elementor-element-2fc38f3 elementor-section-boxed elementor-section-height-default elementor-section-height-default\" data-id=\"2fc38f3\" data-element_type=\"section\" data-e-type=\"section\">\n\t\t\t\t\t\t<div class=\"elementor-container elementor-column-gap-default\">\n\t\t\t\t\t<div class=\"elementor-column elementor-col-100 elementor-top-column elementor-element elementor-element-4c393ea\" data-id=\"4c393ea\" data-element_type=\"column\" data-e-type=\"column\">\n\t\t\t<div class=\"elementor-widget-wrap elementor-element-populated\">\n\t\t\t\t\t\t<div class=\"elementor-element elementor-element-a273ae0 elementor-widget elementor-widget-text-editor\" data-id=\"a273ae0\" data-element_type=\"widget\" data-e-type=\"widget\" data-widget_type=\"text-editor.default\">\n\t\t\t\t<div class=\"elementor-widget-container\">\n\t\t\t\t\t\t\t\t\t<h2>Diagnostyka system&oacute;w elektryki samochodowej<\/h2>\n<p><strong>Auto elektryk<\/strong> rozpoczyna swoj\u0105 prac\u0119 od przeprowadzenia og&oacute;lnej diagnostyki stanu technicznego pojazdu. Obecnie korzysta si\u0119 ze specjalnego oprogramowania komputerowego, kt&oacute;re pozwala zyska\u0107 wzgl\u0105d w parametry samochodu bez konieczno\u015bci wprowadzania mechanicznych zmian. System jest podpinany do komputera pok\u0142adowego pojazdu, dzi\u0119ki czemu mechanik mo\u017ce rozpozna\u0107 przyczyny pojawienia si\u0119 poszczeg&oacute;lnych kontrolek i awarii. Taki krok znacznie u\u0142atwia p&oacute;\u017aniejsze naprawy. Pozwala zminimalizowa\u0107 ewentualne b\u0142\u0119dy wynikaj\u0105ce z nieprawid\u0142owej diagnozy, a wi\u0119c tak\u017ce zaoszcz\u0119dzi\u0107 czas i \u015brodki.<\/p>\n<h2>Jakie auta naprawiamy?<\/h2>\n<p>Auto elektryk w naszym warsztacie w Bia\u0142ymstoku zajmuje si\u0119 napraw\u0105 elektryki w samochodach czterech marek &ndash; Opel, FIAT, Peugeot i Citroen. Specjalizujemy si\u0119 w us\u0142ugach dotycz\u0105cych zar&oacute;wno nowych, jak i wieloletnich aut. Przeprowadzamy kompleksowe naprawy, a tak\u017ce <strong>usuwamy niewielkie usterki i wymieniamy elementy<\/strong>, kt&oacute;re przestaj\u0105 pe\u0142ni\u0107 swoj\u0105 funkcj\u0119 po kilku latach u\u017cytkowania. Przed rozpocz\u0119ciem jakichkolwiek prac wykonujemy badanie diagnostyczne. Na podstawie jego wynik&oacute;w mo\u017cemy okre\u015bli\u0107 cen\u0119 us\u0142ug i termin ich realizacji, a tak\u017ce stwierdzi\u0107, czy w danym przypadku nasza pomoc b\u0119dzie op\u0142acalna. Ostateczn\u0105 decyzj\u0119 co do realizacji zlecenia i jako\u015bci cz\u0119\u015bci zamiennych zawsze podejmuje klient.<\/p>\n<p>Zapraszamy do kontaktu posiadaczy samochod&oacute;w marki Opel, FIAT, Citroen i Peugeot.<\/p>\t\t\t\t\t\t\t\t<\/div>\n\t\t\t\t<\/div>\n\t\t\t\t\t<\/div>\n\t\t<\/div>\n\t\t\t\t\t<\/div>\n\t\t<\/section>\n\t\t\t\t<\/div>\n\t\t","protected":false},"excerpt":{"rendered":"<p>Auto elektryk \u2013 specjali\u015bci w elektryce samochodowej W nowoczesnych pojazdach niemal ka\u017cdy system jest sterowany za pomoc\u0105 elektryki samochodowej. Skomplikowane [&hellip;]<\/p>\n","protected":false},"author":2,"featured_media":0,"parent":0,"menu_order":0,"comment_status":"closed","ping_status":"closed","template":"","meta":{"site-sidebar-layout":"default","site-content-layout":"","ast-site-content-layout":"default","site-content-style":"default","site-sidebar-style":"default","ast-global-header-display":"","ast-banner-title-visibility":"","ast-main-header-display":"","ast-hfb-above-header-display":"","ast-hfb-below-header-display":"","ast-hfb-mobile-header-display":"","site-post-title":"","ast-breadcrumbs-content":"","ast-featured-img":"","footer-sml-layout":"","ast-disable-related-posts":"","theme-transparent-header-meta":"","adv-header-id-meta":"","stick-header-meta":"","header-above-stick-meta":"","header-main-stick-meta":"","header-below-stick-meta":"","astra-migrate-meta-layouts":"default","ast-page-background-enabled":"default","ast-page-background-meta":{"desktop":{"background-color":"var(--ast-global-color-5)","background-image":"","background-repeat":"repeat","background-position":"center center","background-size":"auto","background-attachment":"scroll","background-type":"","background-media":"","overlay-type":"","overlay-color":"","overlay-opacity":"","overlay-gradient":""},"tablet":{"background-color":"","background-image":"","background-repeat":"repeat","background-position":"center center","background-size":"auto","background-attachment":"scroll","background-type":"","background-media":"","overlay-type":"","overlay-color":"","overlay-opacity":"","overlay-gradient":""},"mobile":{"background-color":"","background-image":"","background-repeat":"repeat","background-position":"center center","background-size":"auto","background-attachment":"scroll","background-type":"","background-media":"","overlay-type":"","overlay-color":"","overlay-opacity":"","overlay-gradient":""}},"ast-content-background-meta":{"desktop":{"background-color":"var(--ast-global-color-4)","background-image":"","background-repeat":"repeat","background-position":"center center","background-size":"auto","background-attachment":"scroll","background-type":"","background-media":"","overlay-type":"","overlay-color":"","overlay-opacity":"","overlay-gradient":""},"tablet":{"background-color":"var(--ast-global-color-4)","background-image":"","background-repeat":"repeat","background-position":"center center","background-size":"auto","background-attachment":"scroll","background-type":"","background-media":"","overlay-type":"","overlay-color":"","overlay-opacity":"","overlay-gradient":""},"mobile":{"background-color":"var(--ast-global-color-4)","background-image":"","background-repeat":"repeat","background-position":"center center","background-size":"auto","background-attachment":"scroll","background-type":"","background-media":"","overlay-type":"","overlay-color":"","overlay-opacity":"","overlay-gradient":""}},"footnotes":""},"class_list":["post-308","page","type-page","status-publish","hentry"],"_links":{"self":[{"href":"https:\/\/specautoserwis.pl\/index.php?rest_route=\/wp\/v2\/pages\/308","targetHints":{"allow":["GET"]}}],"collection":[{"href":"https:\/\/specautoserwis.pl\/index.php?rest_route=\/wp\/v2\/pages"}],"about":[{"href":"https:\/\/specautoserwis.pl\/index.php?rest_route=\/wp\/v2\/types\/page"}],"author":[{"embeddable":true,"href":"https:\/\/specautoserwis.pl\/index.php?rest_route=\/wp\/v2\/users\/2"}],"replies":[{"embeddable":true,"href":"https:\/\/specautoserwis.pl\/index.php?rest_route=%2Fwp%2Fv2%2Fcomments&post=308"}],"version-history":[{"count":10,"href":"https:\/\/specautoserwis.pl\/index.php?rest_route=\/wp\/v2\/pages\/308\/revisions"}],"predecessor-version":[{"id":1783,"href":"https:\/\/specautoserwis.pl\/index.php?rest_route=\/wp\/v2\/pages\/308\/revisions\/1783"}],"wp:attachment":[{"href":"https:\/\/specautoserwis.pl\/index.php?rest_route=%2Fwp%2Fv2%2Fmedia&parent=308"}],"curies":[{"name":"wp","href":"https:\/\/api.w.org\/{rel}","templated":true}]}}